
{"id":5298,"date":"2022-01-23T20:18:46","date_gmt":"2022-01-24T02:18:46","guid":{"rendered":"https:\/\/www.kymabogados.com\/product\/ley-de-conciliacion-y-arbitraje\/"},"modified":"2025-10-18T16:06:28","modified_gmt":"2025-10-18T22:06:28","slug":"ley-de-conciliacion-y-arbitraje","status":"publish","type":"product","link":"https:\/\/www.kymabogados.com\/es\/producto\/ley-de-conciliacion-y-arbitraje\/","title":{"rendered":"Ley de Conciliaci\u00f3n y Arbitraje"},"content":{"rendered":"<h4>LEY DE CONCILIACI\u00d3N Y ARBITRAJE COMENTADA<\/h4>\n<p>Los Comentarios a la Ley de Arbitraje y Conciliaci\u00f3n de la Rep\u00fablica de Honduras son los primeros de este tipo en Honduras. Incluye jurisprudencia nacional y comparada reciente.  Se trata, adem\u00e1s, de una obra rigurosamente actualizada a la luz de las \u00faltimas reformas legislativas que afectan los m\u00e9todos alternos de soluci\u00f3n de controversias en nuestro pa\u00eds. En definitiva, nos encontramos ante una obra de eminente utilidad pr\u00e1ctica y acad\u00e9mica que analiza con profundidad los temas m\u00e1s importantes de la pr\u00e1ctica profesional arbitral: se analizan a profundidad, entre otros asuntos, los diferentes tipos de conciliaci\u00f3n y arbitraje; el proceso de designaci\u00f3n de los conciliadores y de los \u00e1rbitros, el procedimiento arbitral seg\u00fan su naturaleza; los recursos disponibles para las partes y la ejecuci\u00f3n de los laudos arbitrales.<\/p>\n","protected":false},"excerpt":{"rendered":"<p>Los Comentarios a la Ley de Arbitraje y Conciliaci\u00f3n de la Rep\u00fablica de Honduras son los primeros de este tipo en Honduras. Incluye jurisprudencia nacional y comparada reciente. <\/p>\n","protected":false},"featured_media":4950,"template":"","meta":{"_et_pb_use_builder":"","_et_pb_old_content":"","_et_gb_content_width":""},"product_brand":[],"product_cat":[381],"product_tag":[385],"class_list":{"0":"post-5298","1":"product","2":"type-product","3":"status-publish","4":"has-post-thumbnail","6":"product_cat-libros","7":"product_tag-libros","9":"first","10":"outofstock","11":"shipping-taxable","12":"purchasable","13":"product-type-simple"},"_links":{"self":[{"href":"https:\/\/www.kymabogados.com\/es\/wp-json\/wp\/v2\/product\/5298","targetHints":{"allow":["GET"]}}],"collection":[{"href":"https:\/\/www.kymabogados.com\/es\/wp-json\/wp\/v2\/product"}],"about":[{"href":"https:\/\/www.kymabogados.com\/es\/wp-json\/wp\/v2\/types\/product"}],"wp:featuredmedia":[{"embeddable":true,"href":"https:\/\/www.kymabogados.com\/es\/wp-json\/wp\/v2\/media\/4950"}],"wp:attachment":[{"href":"https:\/\/www.kymabogados.com\/es\/wp-json\/wp\/v2\/media?parent=5298"}],"wp:term":[{"taxonomy":"product_brand","embeddable":true,"href":"https:\/\/www.kymabogados.com\/es\/wp-json\/wp\/v2\/product_brand?post=5298"},{"taxonomy":"product_cat","embeddable":true,"href":"https:\/\/www.kymabogados.com\/es\/wp-json\/wp\/v2\/product_cat?post=5298"},{"taxonomy":"product_tag","embeddable":true,"href":"https:\/\/www.kymabogados.com\/es\/wp-json\/wp\/v2\/product_tag?post=5298"}],"curies":[{"name":"wp","href":"https:\/\/api.w.org\/{rel}","templated":true}]}}