
{"id":4549,"date":"2022-01-15T11:59:46","date_gmt":"2022-01-15T17:59:46","guid":{"rendered":"https:\/\/www.kymabogados.com\/?page_id=4549"},"modified":"2022-01-23T08:54:09","modified_gmt":"2022-01-23T14:54:09","slug":"agendar-citas","status":"publish","type":"page","link":"https:\/\/www.kymabogados.com\/es\/agendar-citas\/","title":{"rendered":"Agendar Citas"},"content":{"rendered":"<p>[et_pb_section fb_built=&#8221;1&#8243; admin_label=&#8221;section&#8221; _builder_version=&#8221;4.14.6&#8243; custom_margin=&#8221;0px||0px||true|false&#8221; custom_padding=&#8221;0px||0px||true|false&#8221; global_colors_info=&#8221;{}&#8221; theme_builder_area=&#8221;post_content&#8221;][et_pb_row column_structure=&#8221;2_3,1_3&#8243; _builder_version=&#8221;4.14.7&#8243; width=&#8221;100%&#8221; custom_margin=&#8221;0px||0px||true|false&#8221; custom_padding=&#8221;0px||0px||true|false&#8221; locked=&#8221;off&#8221; global_colors_info=&#8221;{}&#8221; theme_builder_area=&#8221;post_content&#8221;][et_pb_column type=&#8221;2_3&#8243; _builder_version=&#8221;4.4.4&#8243; global_colors_info=&#8221;{}&#8221; theme_builder_area=&#8221;post_content&#8221;][et_pb_text _builder_version=&#8221;4.14.7&#8243; global_colors_info=&#8221;{}&#8221; theme_builder_area=&#8221;post_content&#8221;]<\/p>\n<p><strong>Condiciones Generales:<\/strong><\/p>\n<p>Toda documentaci\u00f3n provista se tratar\u00e1 como confidencial. Sin embargo, al agendar la cita no se crea una relaci\u00f3n profesional cliente-abogado, ni supone una aceptaci\u00f3n expresa o t\u00e1cita de representaci\u00f3n legal por parte de la firma, sus abogados y personal de apoyo. Tampoco se asume compromiso alguno de responsabilidad ni responsabilidad de ning\u00fan tipo.<\/p>\n<p>Toda consulta (En l\u00ednea o por v\u00eda telef\u00f3nica) genera honorarios, los que se proponen de la siguiente manera:<\/p>\n<p><strong>Primera cita o consulta<\/strong>:<br \/>Hasta 15 minutos (<strong>gratuita<\/strong>).<\/p>\n<p><strong>Segunda y ulteriores citas o consultas<\/strong>:<br \/>15 minutos: <strong>L.750.00<\/strong><br \/>30 minutos: <strong>L.1,500.00<\/strong><br \/>60 minutos: <strong>L.2,500.00<\/strong><\/p>\n<p>El tiempo de consulta en exceso se factura por incrementos de quince minutos a una tarifa fija de <strong>L.500.00<\/strong> por cada cuarto de hora o fracci\u00f3n.<\/p>\n<p>El costo de la cita debe pagarse en su totalidad previo a la reuni\u00f3n o consulta.<\/p>\n<p>Si requiere reprogramar su cita, por favor escribanos con antelaci\u00f3n al d\u00eda y hora programado enviando un correo electr\u00f3nico a la direcci\u00f3n <strong>info@kymabogados.com<\/strong>. Tambi\u00e9n puede escribirnos por WhatsApp a los tel\u00e9fonos <strong>+504 9583-1902<\/strong> \/ <strong>3182-0898<\/strong>.<\/p>\n<p>El consejo que provean los abogados es meramente orientativo para el potencial cliente con relaci\u00f3n a las acciones legales disponibles o las consecuencias de una determinada acci\u00f3n desde la perspectiva legal. Dicho consejo o asesor\u00eda se basa exclusivamente en la informaci\u00f3n y documentaci\u00f3n provista por el potencial cliente y, por lo tanto, la firma, sus abogados y personal no asumen ninguna responsabilidad por inexactitudes o asesor\u00eda provista con base en informaci\u00f3n parcial o incompleta.<\/p>\n<p>En todo caso, al agendar la cita, el potencial cliente acepta que a todos los efectos, el monto m\u00e1ximo, global e infranqueable de la responsabilidad civil o de cualquier otra naturaleza de la firma legal, sus abogados y personal, no exceder\u00e1 bajo ning\u00fan concepto del monto de honorarios pagados efectivamente por la agendar la cita o formular la consulta.<\/p>\n<p>[\/et_pb_text][\/et_pb_column][et_pb_column type=&#8221;1_3&#8243; _builder_version=&#8221;4.14.7&#8243; custom_padding=&#8221;0px||||false|false&#8221; global_colors_info=&#8221;{}&#8221; theme_builder_area=&#8221;post_content&#8221;][et_pb_text _builder_version=&#8221;4.14.7&#8243; _module_preset=&#8221;default&#8221; theme_builder_area=&#8221;post_content&#8221; hover_enabled=&#8221;0&#8243; sticky_enabled=&#8221;0&#8243;]<\/p>\n<p><strong>Para agendar una cita utilice el siguiente form. Por favor llene todos los campos.<\/strong><\/p>\n<p>[\/et_pb_text][dsm_contact_form_7 cf7_library=&#8221;5083&#8243; _builder_version=&#8221;4.14.7&#8243; _module_preset=&#8221;default&#8221; global_colors_info=&#8221;{}&#8221; theme_builder_area=&#8221;post_content&#8221;][\/dsm_contact_form_7][\/et_pb_column][\/et_pb_row][\/et_pb_section]<\/p>\n","protected":false},"excerpt":{"rendered":"<p>Condiciones Generales: Toda documentaci\u00f3n provista se tratar\u00e1 como confidencial. Sin embargo, al agendar la cita no se crea una relaci\u00f3n profesional cliente-abogado, ni supone una aceptaci\u00f3n expresa o t\u00e1cita de representaci\u00f3n legal por parte de la firma, sus abogados y personal de apoyo. Tampoco se asume compromiso alguno de responsabilidad ni responsabilidad de ning\u00fan tipo. Toda consulta (En l\u00ednea o por v\u00eda telef\u00f3nica) genera honorarios, los que se proponen de la siguiente manera: Primera cita o consulta:Hasta 15 minutos (gratuita). Segunda y ulteriores citas o consultas:15 minutos: L.750.0030 minutos: L.1,500.0060 minutos: L.2,500.00 El tiempo de consulta en exceso se factura por incrementos de quince minutos a una tarifa fija de L.500.00 por cada cuarto de hora o fracci\u00f3n. El costo de la cita debe pagarse en su totalidad previo a la reuni\u00f3n o consulta. Si requiere reprogramar su cita, por favor escribanos con antelaci\u00f3n al d\u00eda y hora programado enviando un correo electr\u00f3nico a la direcci\u00f3n info@kymabogados.com. Tambi\u00e9n puede escribirnos por WhatsApp a los tel\u00e9fonos +504 9583-1902 \/ 3182-0898. El consejo que provean los abogados es meramente orientativo para el potencial cliente con relaci\u00f3n a las acciones legales disponibles o las consecuencias de una determinada acci\u00f3n desde la perspectiva legal. [&hellip;]<\/p>\n","protected":false},"author":14,"featured_media":0,"parent":0,"menu_order":0,"comment_status":"closed","ping_status":"closed","template":"","meta":{"_et_pb_use_builder":"on","_et_pb_old_content":"","_et_gb_content_width":"","footnotes":""},"class_list":["post-4549","page","type-page","status-publish","hentry"],"_links":{"self":[{"href":"https:\/\/www.kymabogados.com\/es\/wp-json\/wp\/v2\/pages\/4549","targetHints":{"allow":["GET"]}}],"collection":[{"href":"https:\/\/www.kymabogados.com\/es\/wp-json\/wp\/v2\/pages"}],"about":[{"href":"https:\/\/www.kymabogados.com\/es\/wp-json\/wp\/v2\/types\/page"}],"author":[{"embeddable":true,"href":"https:\/\/www.kymabogados.com\/es\/wp-json\/wp\/v2\/users\/14"}],"replies":[{"embeddable":true,"href":"https:\/\/www.kymabogados.com\/es\/wp-json\/wp\/v2\/comments?post=4549"}],"version-history":[{"count":23,"href":"https:\/\/www.kymabogados.com\/es\/wp-json\/wp\/v2\/pages\/4549\/revisions"}],"predecessor-version":[{"id":5101,"href":"https:\/\/www.kymabogados.com\/es\/wp-json\/wp\/v2\/pages\/4549\/revisions\/5101"}],"wp:attachment":[{"href":"https:\/\/www.kymabogados.com\/es\/wp-json\/wp\/v2\/media?parent=4549"}],"curies":[{"name":"wp","href":"https:\/\/api.w.org\/{rel}","templated":true}]}}