
{"id":4286,"date":"2022-01-03T23:49:59","date_gmt":"2022-01-04T05:49:59","guid":{"rendered":"https:\/\/www.kymabogados.com\/?page_id=4286"},"modified":"2022-01-03T23:49:59","modified_gmt":"2022-01-04T05:49:59","slug":"cumplimiento-regulatorio","status":"publish","type":"page","link":"https:\/\/www.kymabogados.com\/es\/cumplimiento-regulatorio\/","title":{"rendered":"CUMPLIMIENTO REGULATORIO"},"content":{"rendered":"<p>El marco regulatorio en Honduras y en el mundo est\u00e1 en constante evoluci\u00f3n. A ra\u00edz de ello, se han implementado nuevas sanciones, tanto penales como administrativas, aplicables a compa\u00f1\u00edas e individuos que no se adaptan a la normativa local e internacional vigente.<\/p>\n<p>En K&amp;M Abogados, tenemos una extensa experiencia brindando asesoramiento a clientes en temas de cumplimiento regulatorio, as\u00ed como en la aplicaci\u00f3n de la normativa anti-lavado de activos. De hecho, no hay otra firma legal en Honduras con tantos expertos certificados internacionalmente en materia de Antilavado de Activos (ACAMS Certificate), Prevenci\u00f3n de Pr\u00e1cticas Corruptas, Regulaci\u00f3n FATCA y otras afines para la lucha contra el blanqueo de capitales, el terrorismo y la corrupci\u00f3n.<\/p>\n<p><strong>En el marco de nuestras labores, con regularidad dise\u00f1amos programas de cumplimiento regulatorios para empresas nacionales y extranjeras que operan en sectores variados como son:<\/strong><\/p>\n<ul>\n<li>Instituciones financieras.<\/li>\n<li>Compa\u00f1\u00edas de Energ\u00eda.<\/li>\n<li>Empresas de Bienes ra\u00edces.<\/li>\n<li>Compa\u00f1\u00edas para Edificaci\u00f3n de Infraestructura.<\/li>\n<li>Entidades que participan en licitaciones p\u00fablicas.<\/li>\n<li>Compa\u00f1\u00edas de tecnolog\u00eda.<\/li>\n<\/ul>\n<p>Como resultado de nuestro trabajo, las empresas nacionales y extranjeras logran reducir significativamente sus riesgos al operar en Honduras.<\/p>\n<p><strong>Nuestra experiencia en esta \u00e1rea abarca los siguientes casos:<\/strong><\/p>\n<ul>\n<li>Asesor\u00eda a una compa\u00f1\u00eda de tecnolog\u00eda regional sancionada por un Banco Internacional de Desarrollo debido a presuntas pr\u00e1cticas corruptas;<\/li>\n<li>Redacci\u00f3n de manuales de cumplimiento para la Caja de Ahorro y Cr\u00e9dito de los Empleados del Banco Centroamericano de Integraci\u00f3n Econ\u00f3mica.<\/li>\n<li>Redacci\u00f3n del C\u00f3digo de \u00c9tica para un Banco Internacional de Desarrollo.<\/li>\n<li>Asesor\u00eda en materia de cumplimiento regulatorio para una empresa nacional de arrendamientos comerciales..<\/li>\n<\/ul>\n<p>Si necesita m\u00e1s informaci\u00f3n al respeto no dude en contactarnos haciendo <a href=\"https:\/\/www.kymabogados.com\/es\/contactenos\/\"><strong>click aqu\u00ed<\/strong><\/a>.<\/p>\n","protected":false},"excerpt":{"rendered":"<p>El marco regulatorio en Honduras y en el mundo est\u00e1 en constante evoluci\u00f3n. A ra\u00edz de ello, se han implementado nuevas sanciones, tanto penales como administrativas, aplicables a compa\u00f1\u00edas e individuos que no se adaptan a la normativa local e internacional vigente. En K&amp;M Abogados, tenemos una extensa experiencia brindando asesoramiento a clientes en temas [&hellip;]<\/p>\n","protected":false},"author":14,"featured_media":0,"parent":0,"menu_order":0,"comment_status":"closed","ping_status":"closed","template":"","meta":{"_et_pb_use_builder":"","_et_pb_old_content":"","_et_gb_content_width":"","footnotes":""},"class_list":["post-4286","page","type-page","status-publish","hentry"],"_links":{"self":[{"href":"https:\/\/www.kymabogados.com\/es\/wp-json\/wp\/v2\/pages\/4286","targetHints":{"allow":["GET"]}}],"collection":[{"href":"https:\/\/www.kymabogados.com\/es\/wp-json\/wp\/v2\/pages"}],"about":[{"href":"https:\/\/www.kymabogados.com\/es\/wp-json\/wp\/v2\/types\/page"}],"author":[{"embeddable":true,"href":"https:\/\/www.kymabogados.com\/es\/wp-json\/wp\/v2\/users\/14"}],"replies":[{"embeddable":true,"href":"https:\/\/www.kymabogados.com\/es\/wp-json\/wp\/v2\/comments?post=4286"}],"version-history":[{"count":1,"href":"https:\/\/www.kymabogados.com\/es\/wp-json\/wp\/v2\/pages\/4286\/revisions"}],"predecessor-version":[{"id":4288,"href":"https:\/\/www.kymabogados.com\/es\/wp-json\/wp\/v2\/pages\/4286\/revisions\/4288"}],"wp:attachment":[{"href":"https:\/\/www.kymabogados.com\/es\/wp-json\/wp\/v2\/media?parent=4286"}],"curies":[{"name":"wp","href":"https:\/\/api.w.org\/{rel}","templated":true}]}}