
{"id":4276,"date":"2022-01-03T23:19:46","date_gmt":"2022-01-04T05:19:46","guid":{"rendered":"https:\/\/www.kymabogados.com\/?page_id=4276"},"modified":"2022-01-03T23:36:47","modified_gmt":"2022-01-04T05:36:47","slug":"derecho-mercantil-y-tributario","status":"publish","type":"page","link":"https:\/\/www.kymabogados.com\/es\/derecho-mercantil-y-tributario\/","title":{"rendered":"DERECHO MERCANTIL y TRIBUTARIO"},"content":{"rendered":"<p>Una excelente asesor\u00eda mercantil va m\u00e1s all\u00e1 de un conocimiento general del C\u00f3digo de Comercio y de sus normas complementarias.<\/p>\n<p>En K&amp;M Abogados, S.A. nos especializamos en proveer soluciones legales pr\u00e1cticas que resultan cruciales para el \u00e9xito de las personas naturales y jur\u00eddicas que invierten en Honduras. De hecho, regularmente asesoramos en temas relacionados con gobierno corporativo, la aplicabilidad de normas financieras y de seguros, operaciones transnacionales, derecho tributario, normas de cumplimiento y anti-lavado de activos, administraci\u00f3n de negocios familiares, y otros temas afines.<\/p>\n<p>M\u00e1s a\u00fan, nuestra firma legal comprende perfectamente las implicaciones del r\u00e9gimen tributario nacional y su impacto en el retorno de las inversiones y la competitividad de las empresas; raz\u00f3n por la cual hemos perfeccionado por a\u00f1os nuestro conocimiento profundo de las leyes tributarias nacionales, de los tratados internacionales en materia fiscal, as\u00ed como de las regulaciones especiales aplicables a determinados sectores o industrias.<\/p>\n<p>Nuestra meta es simple: incrementar la rentabilidad y los m\u00e1rgenes financieros de nuestros clientes, reducir los riesgos de sanciones administrativas y penales y evitar litigaci\u00f3n compleja en materia tributaria.<\/p>\n<p>Al trabajar con nosotros, nuestros clientes cuentan con un equipo excepcional capaz de proveer asesoramiento legal de primer nivel, de forma sencilla y efectiva para la eficiente materializaci\u00f3n de sus proyectos y transacciones comerciales.<\/p>\n<p><strong>Nuestra experiencia en esta \u00e1rea incluye casos como los siguientes:<\/strong><\/p>\n<ul>\n<li>Gesti\u00f3n de Exoneraci\u00f3n de impuestos por millones de Lempiras para la empresa propietaria de la Red de Transmisi\u00f3n El\u00e9ctrica Centroamericana, por m\u00e1s de US$15.0 millones.<\/li>\n<li>Gesti\u00f3n de notas de cr\u00e9dito por pago indebido de Impuesto Sobre Ventas para empresa transnacional, por US$250.0 miles.<\/li>\n<li>Estructuraci\u00f3n de operaci\u00f3n de emisi\u00f3n de deuda subordinada, por hasta US$ 10.0 millones para un Grupo Bancario Regional.<\/li>\n<li>Asesores legales en la disoluci\u00f3n de Casa de Bolsa de Valores.<\/li>\n<li>Asesores para una Organizaci\u00f3n No Gubernamental Norteamericana con sede en Washington, Estados Unidos de Am\u00e9rica, con un ingreso estimado anual de US$197.0 millones.<\/li>\n<li>Asesores legales en la compraventa de planta generadora de energ\u00eda en la zona norte de Honduras, por m\u00e1s de US$20.0 millones.<\/li>\n<li>Redacci\u00f3n de contrato de fideicomiso de administraci\u00f3n y garant\u00eda para un proyecto hidroel\u00e9ctrico nacional.<\/li>\n<li>Reestructuraci\u00f3n y cesi\u00f3n global de activos y pasivos de una cooperativa empleados de un Banco de Desarrollo.<\/li>\n<li>Asesor\u00eda en materia de suministro de hidrocarburos para la operaci\u00f3n de plantas de energ\u00eda t\u00e9rmica de la Empresa Nacional de Energ\u00eda El\u00e9ctrica.<\/li>\n<li>Asesor\u00eda en la incorporaci\u00f3n y operaci\u00f3n de la cooperativa de consumo suiza m\u00e1s grande del mundo, Chocolates Halba Honduras, S.A. de C.V., para la explotaci\u00f3n de cacao.<\/li>\n<li>Asesores de una sede diplom\u00e1tica europea en la redacci\u00f3n y negociaci\u00f3n de un contrato de arrendamiento a largo plazo.<\/li>\n<\/ul>\n<p><strong>Otras actividades que desarrollamos son las siguientes:<\/strong><\/p>\n<ul>\n<li>Asesor\u00eda y representaci\u00f3n ante entidades regulatorias.<\/li>\n<li>Funciones, adquisiciones, escisiones de empresa.<\/li>\n<li>Reorganizaci\u00f3n corporativa y quiebras.<\/li>\n<li>Constituci\u00f3n de sociedades civiles y de entidades no gubernamentales.<\/li>\n<li>Incorporaci\u00f3n de corporaciones privadas constituidas en el extranjero o creadas en Honduras.<\/li>\n<li>Aumentos y disminuciones de capital social.<\/li>\n<li>Redacci\u00f3n y modificaci\u00f3n de Estatutos Sociales.<\/li>\n<li>Debida diligencia legal.<\/li>\n<li>Asesor\u00eda general para empresas nacionales e internacionales.<\/li>\n<\/ul>\n<p>Si busca asesor\u00eda legal en materia de derecho empresarial o fiscal, por favor agende una cita haciendo <a href=\"https:\/\/www.kymabogados.com\/es\/contactenos\/\"><strong>click aqu\u00ed<\/strong><\/a>.<\/p>\n","protected":false},"excerpt":{"rendered":"<p>Una excelente asesor\u00eda mercantil va m\u00e1s all\u00e1 de un conocimiento general del C\u00f3digo de Comercio y de sus normas complementarias. En K&amp;M Abogados, S.A. nos especializamos en proveer soluciones legales pr\u00e1cticas que resultan cruciales para el \u00e9xito de las personas naturales y jur\u00eddicas que invierten en Honduras. De hecho, regularmente asesoramos en temas relacionados con [&hellip;]<\/p>\n","protected":false},"author":14,"featured_media":0,"parent":0,"menu_order":0,"comment_status":"closed","ping_status":"closed","template":"","meta":{"_et_pb_use_builder":"","_et_pb_old_content":"","_et_gb_content_width":"","footnotes":""},"class_list":["post-4276","page","type-page","status-publish","hentry"],"_links":{"self":[{"href":"https:\/\/www.kymabogados.com\/es\/wp-json\/wp\/v2\/pages\/4276","targetHints":{"allow":["GET"]}}],"collection":[{"href":"https:\/\/www.kymabogados.com\/es\/wp-json\/wp\/v2\/pages"}],"about":[{"href":"https:\/\/www.kymabogados.com\/es\/wp-json\/wp\/v2\/types\/page"}],"author":[{"embeddable":true,"href":"https:\/\/www.kymabogados.com\/es\/wp-json\/wp\/v2\/users\/14"}],"replies":[{"embeddable":true,"href":"https:\/\/www.kymabogados.com\/es\/wp-json\/wp\/v2\/comments?post=4276"}],"version-history":[{"count":3,"href":"https:\/\/www.kymabogados.com\/es\/wp-json\/wp\/v2\/pages\/4276\/revisions"}],"predecessor-version":[{"id":4282,"href":"https:\/\/www.kymabogados.com\/es\/wp-json\/wp\/v2\/pages\/4276\/revisions\/4282"}],"wp:attachment":[{"href":"https:\/\/www.kymabogados.com\/es\/wp-json\/wp\/v2\/media?parent=4276"}],"curies":[{"name":"wp","href":"https:\/\/api.w.org\/{rel}","templated":true}]}}