
{"id":4271,"date":"2022-01-03T23:08:58","date_gmt":"2022-01-04T05:08:58","guid":{"rendered":"https:\/\/www.kymabogados.com\/?page_id=4271"},"modified":"2022-01-03T23:37:47","modified_gmt":"2022-01-04T05:37:47","slug":"contratos-y-danos","status":"publish","type":"page","link":"https:\/\/www.kymabogados.com\/es\/contratos-y-danos\/","title":{"rendered":"CONTRATOS y DA\u00d1OS"},"content":{"rendered":"<p>El derecho de contratos y las indemnizaciones que surgen de su incumplimiento o terminaci\u00f3n requieren de conocimientos altamente especializados.<\/p>\n<p>Por una parte, la adecuada redacci\u00f3n de un contrato permite evitar conflictos y controversias futuras; da seguridad a las partes contratantes, y permite regular detalladamente aquellos aspectos que son de especial importancia para ellas, incluyendo los mecanismos de soluci\u00f3n de controversias a los que \u00e9stas podr\u00e1n acudir.<\/p>\n<p>Por otra parte, cuando surgen los conflictos, es necesario contar con profesionales capaces para la interposici\u00f3n o contestaci\u00f3n de las demandas, dado que gran parte de las acciones civiles dependen de la capacidad t\u00e9cnica y legal de los abogados a la hora de estructurar sus escritos, obtener y proponer prueba, organizar la estrategia procesal y la forma de procuraci\u00f3n legal.<\/p>\n<p>Nuestra firma legal cuenta con profesionales de primer nivel, catedr\u00e1ticos con d\u00e9cadas de experiencia, con amplia experiencia en la redacci\u00f3n de contratos, as\u00ed como en la acci\u00f3n y en la defensa ante acciones civiles por da\u00f1os y perjuicios.<\/p>\n<p><strong>Nuestra experiencia relevante en esta \u00e1rea incluye:<\/strong><\/p>\n<ul>\n<li>Demanda de da\u00f1os y perjuicios contra el Estado de Honduras por expropiaci\u00f3n forzosa por v\u00eda de hecho, por m\u00e1s de US$10.0 millones;<\/li>\n<li>Demanda de da\u00f1os y perjuicios contra el Estado de Honduras por mala praxis m\u00e9dica, por US$2.5 millones;<\/li>\n<li>Redacci\u00f3n de contratos de arrendamiento comercial y de vivienda para empresas nacionales y extranjeras;<\/li>\n<li>Asesor\u00eda en juicio desarrollado en Estados Unidos de Am\u00e9rica en acci\u00f3n de da\u00f1os y perjuicios por muerte derivada de accidente de aviaci\u00f3n con cinco v\u00edctimas fatales;<\/li>\n<li>Negociaci\u00f3n y redacci\u00f3n de acuerdo de transacci\u00f3n extrajudicial entre distribuidor de joyer\u00eda internacional y concesionario Hondure\u00f1o.<\/li>\n<li>Negociaci\u00f3n y redacci\u00f3n de acuerdo extrajudicial por terminaci\u00f3n anticipada y sin justa causa de contrato de servicios profesionales.<\/li>\n<li>Redacci\u00f3n de contratos de fideicomiso de administraci\u00f3n y garant\u00eda para instituciones financieras nacionales;<\/li>\n<li>Redacci\u00f3n de contrato de suministro de combustible e hidrocarburos;<\/li>\n<li>Estructuraci\u00f3n de cesi\u00f3n global de derechos de cooperativa de ahorro y cr\u00e9dito;<\/li>\n<li>Redacci\u00f3n de finiquitos derivados de reestructuraci\u00f3n societaria en cr\u00e9dito sindicado.<\/li>\n<li>Negociaci\u00f3n de acuerdo extrajudicial por da\u00f1os m\u00e9dicos derivados de cirug\u00eda ocular;<\/li>\n<\/ul>\n<p>Si requiere asesor\u00eda en temas de contratos o por acciones de da\u00f1os y perjuicios, agende una cita haciendo <a href=\"https:\/\/www.kymabogados.com\/es\/contactenos\/\"><strong>click aqu\u00ed<\/strong><\/a>.<\/p>\n","protected":false},"excerpt":{"rendered":"<p>El derecho de contratos y las indemnizaciones que surgen de su incumplimiento o terminaci\u00f3n requieren de conocimientos altamente especializados. Por una parte, la adecuada redacci\u00f3n de un contrato permite evitar conflictos y controversias futuras; da seguridad a las partes contratantes, y permite regular detalladamente aquellos aspectos que son de especial importancia para ellas, incluyendo los [&hellip;]<\/p>\n","protected":false},"author":14,"featured_media":0,"parent":0,"menu_order":0,"comment_status":"closed","ping_status":"closed","template":"","meta":{"_et_pb_use_builder":"","_et_pb_old_content":"","_et_gb_content_width":"","footnotes":""},"class_list":["post-4271","page","type-page","status-publish","hentry"],"_links":{"self":[{"href":"https:\/\/www.kymabogados.com\/es\/wp-json\/wp\/v2\/pages\/4271","targetHints":{"allow":["GET"]}}],"collection":[{"href":"https:\/\/www.kymabogados.com\/es\/wp-json\/wp\/v2\/pages"}],"about":[{"href":"https:\/\/www.kymabogados.com\/es\/wp-json\/wp\/v2\/types\/page"}],"author":[{"embeddable":true,"href":"https:\/\/www.kymabogados.com\/es\/wp-json\/wp\/v2\/users\/14"}],"replies":[{"embeddable":true,"href":"https:\/\/www.kymabogados.com\/es\/wp-json\/wp\/v2\/comments?post=4271"}],"version-history":[{"count":2,"href":"https:\/\/www.kymabogados.com\/es\/wp-json\/wp\/v2\/pages\/4271\/revisions"}],"predecessor-version":[{"id":4277,"href":"https:\/\/www.kymabogados.com\/es\/wp-json\/wp\/v2\/pages\/4271\/revisions\/4277"}],"wp:attachment":[{"href":"https:\/\/www.kymabogados.com\/es\/wp-json\/wp\/v2\/media?parent=4271"}],"curies":[{"name":"wp","href":"https:\/\/api.w.org\/{rel}","templated":true}]}}