
{"id":4267,"date":"2022-01-03T22:56:01","date_gmt":"2022-01-04T04:56:01","guid":{"rendered":"https:\/\/www.kymabogados.com\/?page_id=4267"},"modified":"2022-01-03T23:38:32","modified_gmt":"2022-01-04T05:38:32","slug":"derecho-bancario-y-de-seguros","status":"publish","type":"page","link":"https:\/\/www.kymabogados.com\/es\/derecho-bancario-y-de-seguros\/","title":{"rendered":"DERECHO BANCARIO y de SEGUROS"},"content":{"rendered":"<p>K&amp;M Abogados atiende las necesidades de empresas, bancos regionales y cajas de ahorro y cr\u00e9dito operando en Honduras y en la regi\u00f3n Centroamericana. Entre nuestros clientes recurrentes se encuentran Bac Credomatic, S.A.; Banco Lafise, S.A.; Caja de Ahorro y Cr\u00e9dito de los Empleados del Banco Centroamericano de Integraci\u00f3n Econ\u00f3mica (CACE-BCIE); Seguros Lafise, S.A., y AIG Seguros, S.A., entre otros.<\/p>\n<p>Regularmente fungimos como asesores legales en temas diversos como:<\/p>\n<ul>\n<li>Estructuraci\u00f3n de operaciones de cr\u00e9dito garantizado;<\/li>\n<li>Constituci\u00f3n y modificaci\u00f3n de fideicomisos de administraci\u00f3n y garant\u00eda;<\/li>\n<li>Fusi\u00f3n o escisi\u00f3n de fideicomisos p\u00fablicos y privados;<\/li>\n<li>Redacci\u00f3n y ejecuci\u00f3n de contratos bancarios;<\/li>\n<li>Asesor\u00eda en temas de gobierno corporativo y cumplimiento regulatorio ante la Comisi\u00f3n Nacional de Bancos y Seguros (CNBS);<\/li>\n<li>Operaciones de incremento de capital y emisi\u00f3n de acciones;<\/li>\n<li>Estructuraci\u00f3n de financiamientos sindicados;<\/li>\n<li>Ejecuci\u00f3n de garant\u00edas bancarias;<\/li>\n<li>Asesor\u00eda en la negociaci\u00f3n de contratos;<\/li>\n<li>Redacci\u00f3n y revisi\u00f3n de contratos civiles y bancarios;<\/li>\n<li>Representaci\u00f3n legal en materias de reclamo de seguros;<\/li>\n<li>Protocolizaci\u00f3n de actas de Asamblea de \u00f3rganos de direcci\u00f3n y gobierno y,<\/li>\n<li>Otras operaciones afines.<\/li>\n<\/ul>\n<p>En K&amp;M Abogados nos esforzamos cada d\u00eda por ser la firma legal de referencia para nuestros clientes y aspiramos constantemente por la excelencia profesional, as\u00ed como por apoyar los proyectos y planes de nuestros clientes.<\/p>\n<p><strong>En particular, hemos intervenido de forma activa en las operaciones siguientes:<\/strong><\/p>\n<ul>\n<li>Asesores legales en el plan de restructuraci\u00f3n de fideicomiso de garant\u00eda por 20 millones de d\u00f3lares.<\/li>\n<li>Restructuraci\u00f3n de una deuda para inversionistas del sector inmobiliario por 1.3 millones de d\u00f3lares.<\/li>\n<li>Asesor\u00eda general a bancos regionales en relaci\u00f3n con la ejecuci\u00f3n de garant\u00edas bancarias derivados de la reestructuraci\u00f3n de un cr\u00e9dito sindicado.<\/li>\n<li>Asesor de Banco Lafise en un contrato inmobiliario.<\/li>\n<li>Asesor Legal en la estructuraci\u00f3n del Fideicomiso de las Zonas de Empleo y Desarrollo Econ\u00f3mico (ZEDE).<\/li>\n<li>Negociaci\u00f3n de redacci\u00f3n de contrato de un Fideicomiso de Administraci\u00f3n, por 7.0 millones de d\u00f3lares, para canalizar cooperaci\u00f3n internacional en beneficio de los hospitales p\u00fablicos de Honduras.<\/li>\n<li>Contestaci\u00f3n de reparos y requerimientos formulados por la Comisi\u00f3n Nacional de Bancos y Seguros (CNBS) en temas de cumplimiento regulatorio.<\/li>\n<li>Representaci\u00f3n legal en reclamo en contra de una aseguradora local por denegaci\u00f3n de pago de una p\u00f3liza de seguros por un accidente de aviaci\u00f3n en Lempira.<\/li>\n<li>Negociaci\u00f3n de indemnizaciones resultantes de accidente automovil\u00edstico con veh\u00edculo blindado propiedad de un banco nacional.<\/li>\n<li>Emisi\u00f3n de bonos corporativos.<\/li>\n<li>Estructuraci\u00f3n de operaciones financieras y de pr\u00e9stamos sindicados.<\/li>\n<li>Fusiones y adquisiciones.<\/li>\n<li>Escisiones, disoluci\u00f3n y liquidaci\u00f3n de instituciones financieras.<\/li>\n<li>Asesor\u00eda y ejecuci\u00f3n de operaciones en mercados de capitales.<\/li>\n<li>Cumplimiento regulatorio FATCA y asesor\u00eda de gobierno corporativo.<\/li>\n<li>Representaci\u00f3n legal en reclamo de seguro por da\u00f1os a vivienda derivado de los huracanes Eta e Iota.<\/li>\n<\/ul>\n<p>Si desea una cita, por favor no dude en contactarnos. Para agendar su cita haga <a href=\"https:\/\/www.kymabogados.com\/es\/contactenos\/\"><strong>click aqu\u00ed<\/strong><\/a>.<\/p>\n","protected":false},"excerpt":{"rendered":"<p>K&amp;M Abogados atiende las necesidades de empresas, bancos regionales y cajas de ahorro y cr\u00e9dito operando en Honduras y en la regi\u00f3n Centroamericana. Entre nuestros clientes recurrentes se encuentran Bac Credomatic, S.A.; Banco Lafise, S.A.; Caja de Ahorro y Cr\u00e9dito de los Empleados del Banco Centroamericano de Integraci\u00f3n Econ\u00f3mica (CACE-BCIE); Seguros Lafise, S.A., y AIG [&hellip;]<\/p>\n","protected":false},"author":14,"featured_media":0,"parent":0,"menu_order":0,"comment_status":"closed","ping_status":"closed","template":"","meta":{"_et_pb_use_builder":"","_et_pb_old_content":"","_et_gb_content_width":"","footnotes":""},"class_list":["post-4267","page","type-page","status-publish","hentry"],"_links":{"self":[{"href":"https:\/\/www.kymabogados.com\/es\/wp-json\/wp\/v2\/pages\/4267","targetHints":{"allow":["GET"]}}],"collection":[{"href":"https:\/\/www.kymabogados.com\/es\/wp-json\/wp\/v2\/pages"}],"about":[{"href":"https:\/\/www.kymabogados.com\/es\/wp-json\/wp\/v2\/types\/page"}],"author":[{"embeddable":true,"href":"https:\/\/www.kymabogados.com\/es\/wp-json\/wp\/v2\/users\/14"}],"replies":[{"embeddable":true,"href":"https:\/\/www.kymabogados.com\/es\/wp-json\/wp\/v2\/comments?post=4267"}],"version-history":[{"count":3,"href":"https:\/\/www.kymabogados.com\/es\/wp-json\/wp\/v2\/pages\/4267\/revisions"}],"predecessor-version":[{"id":4283,"href":"https:\/\/www.kymabogados.com\/es\/wp-json\/wp\/v2\/pages\/4267\/revisions\/4283"}],"wp:attachment":[{"href":"https:\/\/www.kymabogados.com\/es\/wp-json\/wp\/v2\/media?parent=4267"}],"curies":[{"name":"wp","href":"https:\/\/api.w.org\/{rel}","templated":true}]}}