
{"id":2770,"date":"2018-07-06T18:38:26","date_gmt":"2018-07-07T00:38:26","guid":{"rendered":"http:\/\/www.kymabogados.com\/?page_id=2770"},"modified":"2020-06-29T22:59:51","modified_gmt":"2020-06-30T04:59:51","slug":"tramitacion-de-documentos-par-hondurenos-en-florida-y-louisiana-usa","status":"publish","type":"page","link":"https:\/\/www.kymabogados.com\/es\/tramitacion-de-documentos-par-hondurenos-en-florida-y-louisiana-usa\/","title":{"rendered":"Tramitaci\u00f3n de documentos par hondure\u00f1os en Florida y Louisiana (USA)"},"content":{"rendered":"<p>[et_pb_section bb_built=&#8221;1&#8243; _builder_version=&#8221;3.9&#8243; background_color=&#8221;rgba(0,0,0,0.05)&#8221;][et_pb_row _builder_version=&#8221;3.9&#8243; make_fullwidth=&#8221;on&#8221; custom_margin=&#8221;||30px|&#8221;][et_pb_column type=&#8221;4_4&#8243;][et_pb_text _builder_version=&#8221;3.9&#8243;]<\/p>\n<p style=\"text-align: center;\"><span style=\"font-size: 18pt; color: #000000;\"><strong>TRAMITACION de DOCUMENTOS LEGALES V\u00c1LIDOS en HONDURAS<\/strong><\/span><br \/>\n<span style=\"font-size: 18pt; color: #000000;\"><strong>para HONDURE\u00d1OS que viven en FLORIDA y LOUISIANA (USA)<\/strong><\/span><\/p>\n<p>[\/et_pb_text][\/et_pb_column][\/et_pb_row][et_pb_row _builder_version=&#8221;3.9&#8243; border_radii=&#8221;on|16px|16px|16px|16px&#8221; border_width_all=&#8221;1px&#8221; border_color_all=&#8221;rgba(0,0,0,0.42)&#8221; custom_padding=&#8221;20px|20px|20px|20px&#8221; custom_margin=&#8221;||24px|&#8221; background_color=&#8221;#ffffff&#8221;][et_pb_column type=&#8221;4_4&#8243;][et_pb_text _builder_version=&#8221;3.9&#8243;]<\/p>\n<h4 style=\"text-align: center;\"><strong>PODERES GENERALES, ESPECIALES O DE ADMINISTRACI\u00d3N<\/strong><\/h4>\n<p>&nbsp;<\/p>\n<p style=\"text-align: left;\"><strong>PASO 1<br \/>\n<\/strong>Proveer los datos personales <u>de quien otorga<\/u> el poder <u>y de la persona que lo recibe<\/u>, consistentes en:<strong> a) <\/strong>nombre y apellidos completos (como aparecen en el documento de identificaci\u00f3n); <strong>b)<\/strong> estado civil (soltero o casado);\u00a0<strong>c)<\/strong> nacionalidad; <strong>d) <\/strong>domicilio;<strong> e) <\/strong>n\u00famero de tarjeta de identidad o documento de identificaci\u00f3n.<\/p>\n<p style=\"text-align: left;\"><strong>PASO 2<br \/>\n<\/strong>Remitir copia o fotograf\u00eda de los documentos anteriores al correo: <a href=\"mailto:legalizacioneshn@gmail.com\">legalizacioneshn@gmail.com<\/a> o por la <strong>aplicaci\u00f3n gratuita Whatsapp<\/strong> al tel\u00e9fono hondure\u00f1o: <strong>+504<\/strong> <strong>8232-5449<\/strong>.<\/p>\n<p style=\"text-align: left;\"><strong>PASO 3<br \/>\n<\/strong>Precisar el tipo de facultades que se quieren otorgar: <strong>a)<\/strong> facultades de representaci\u00f3n en juicio y para tr\u00e1mites administrativos (Poder General o Especial de Representaci\u00f3n); <strong>b)<\/strong> facultades de administraci\u00f3n, que incluye el poder de comprar, vender, dar en pago, abrir y cerrar cuentas bancarias, efectuar y recibir pagos, entre otros (Poder de Administraci\u00f3n).<\/p>\n<p style=\"text-align: left;\"><strong>PASO 4<br \/>\n<\/strong>Proveer sus datos de contacto (tel\u00e9fono y\/o correo electr\u00f3nico) y <strong><u>presentarse ante el Notario a firmar el protocolo<\/u><\/strong> en la siguiente direcci\u00f3n:<\/p>\n<h5 style=\"text-align: left;\"><strong>CENTRO DE NEGOCIOS (BUSINESS CENTER)<br \/>\nHOTEL HOLIDAY INN MIAMI-DORAL AREA,<br \/>\n3255 NW. 87TH AVE. MIAMI, FLORIDA, 33172, U.S.A.\u00a0\u00a0<\/strong><\/h5>\n<ul style=\"list-style-type: circle;\">\n<li><u>Si Usted env\u00eda la documentaci\u00f3n los d\u00edas Viernes, S\u00e1bado, Domingo o Lunes, podr\u00e1 presentarse a firmar el d\u00eda Viernes de esa misma semana, en horario de 9:00 A.M. a 5:00 P.M.<\/u><\/li>\n<li><u>Si remite la documentaci\u00f3n los d\u00edas Martes, Mi\u00e9rcoles o Jueves, puede presentarse a firmar el d\u00eda Viernes de la semana siguiente, en horario de 9:00 A.M. a 5:00 P.M.<\/u><\/li>\n<\/ul>\n<p style=\"text-align: left;\"><strong>PASO 5<br \/>\n<\/strong>Pagar los honorarios por <strong>US$150.00 <\/strong>(para Poder General o Especial) o <strong>US$200.00<\/strong> (para Poder de Administraci\u00f3n) contra entrega del Testimonio o mediante deposito en la siguiente cuenta:<\/p>\n<p style=\"text-align: left;\"><strong>PASO 6<br \/>\n<\/strong>Si lo desea, puede solicitar que el poder sea enviado a Honduras, para entregar a la persona que Usted designe. En este caso, debe proveer el nombre completo y direcci\u00f3n de la persona a quien se enviar\u00e1 el documento. Este servicio tiene un costo adicional de <strong>US$80.00<\/strong> que es cancelado directamente al Notario.<\/p>\n<p>[\/et_pb_text][\/et_pb_column][\/et_pb_row][et_pb_row _builder_version=&#8221;3.9&#8243; custom_padding=&#8221;20px|20px|20px|20px&#8221; border_radii=&#8221;on|16px|16px|16px|16px&#8221; border_width_all=&#8221;1px&#8221; border_color_all=&#8221;rgba(0,0,0,0.42)&#8221; custom_margin=&#8221;||24px|&#8221; background_color=&#8221;#ffffff&#8221;][et_pb_column type=&#8221;4_4&#8243;][et_pb_text _builder_version=&#8221;3.9&#8243;]<\/p>\n<h4 style=\"text-align: center;\"><strong><u>AUT\u00c9NTICAS &amp; CARTAS PODER<\/u><\/strong><\/h4>\n<p>&nbsp;<\/p>\n<p style=\"text-align: left;\"><strong>Las aut\u00e9nticas pueden ser de dos tipos: de firma o de copias<\/strong>. Adem\u00e1s se pueden autenticar <strong>Cartas Poder<\/strong> para tr\u00e1mites puntuales ante autoridades administrativas o del gobierno de Honduras.<\/p>\n<p style=\"text-align: left;\"><strong>PASO 1<br \/>\n<\/strong>Mandar copia del documento cuya fotocopia o cuya firma se quiere autenticar. Remitir el documento al correo: <a href=\"mailto:legalizacioneshn@gmail.com\">legalizacioneshn@gmail.com<\/a>\u00a0o por la aplicaci\u00f3n <strong><u>gratuita<\/u><\/strong> whatsapp al tel\u00e9fono: <strong>+504<\/strong> <strong>8232-5449<\/strong>.<\/p>\n<p style=\"text-align: left;\">En el caso de Cartas Poder, <u>nosotros podemos redactarla por Usted o autenticar la firma del modelo que le provea su abogado<\/u>. En este caso, al mandarnos la documentaci\u00f3n por correo o por Whatsapp al tel\u00e9fono <strong>+504<\/strong> <strong>8232-5449<\/strong>, debe facilitarnos la siguiente informaci\u00f3n: \u00a0<strong>a) <\/strong>nombre y apellidos, <strong>b)<\/strong> estado civil (soltero o casado); <strong>c)<\/strong> nacionalidad; <strong>d) <\/strong>domicilio;<strong> e) <\/strong>n\u00famero de tarjeta de identidad o documento de identificaci\u00f3n; <strong>f) <\/strong>instituci\u00f3n del Estado en la que se presentar\u00e1 la carta poder; <strong>g)<\/strong> tr\u00e1mite para el cual se utilizar\u00e1 la carta poder; <strong>h)<\/strong> numero de colegiaci\u00f3n en el Colegio de Abogados de Honduras, direcci\u00f3n, correo electr\u00f3nico y tel\u00e9fono del profesional del abogado que le representar\u00e1 en el tr\u00e1mite si es requerido por la agencia o dependencia del gobierno. <u>Esta informaci\u00f3n es tanto de la persona que otorga la carta poder como de la que har\u00e1 uso de ella<\/u>.<\/p>\n<p style=\"text-align: left;\"><strong>PASO 2<br \/>\n<\/strong>Presentarse ante el Notario y llevar la fotocopia del documento el d\u00eda de la cita con el notario (si es Aut\u00e9ntica de Copia) o el documento a firmar impreso (si es Aut\u00e9ntica de Firma). En este \u00faltimo caso, se firma el documento en presencia del Notario.<\/p>\n<p style=\"text-align: left;\">La direcci\u00f3n es la siguiente:<\/p>\n<h5 style=\"text-align: left;\"><strong>CENTRO DE NEGOCIOS (BUSINESS CENTER)<br \/>\nHOTEL HOLIDAY INN MIAMI-DORAL AREA,<br \/>\n3255 NW. 87TH AVE. MIAMI, FLORIDA, 33172, U.S.A.\u00a0\u00a0<\/strong><\/h5>\n<p style=\"text-align: left;\"><u>Si Usted remite la documentaci\u00f3n los d\u00edas Viernes, S\u00e1bado, Domingo o Lunes, podr\u00e1 presentarse a firmar el d\u00eda Viernes de esa misma semana, en horario de 9:00 A.M. a 5:00 P.M.<\/u><\/p>\n<p style=\"text-align: left;\"><u>Si remite la documentaci\u00f3n los d\u00edas Martes, Mi\u00e9rcoles o Jueves, puede presentarse a firmar el d\u00eda Viernes de la semana siguiente, en horario de 9:00 A.M. a 5:00 P.M.<\/u><\/p>\n<p style=\"text-align: left;\"><strong>PASO 3<br \/>\n<\/strong>Pagar honorarios por <strong>US$ 75.0 <\/strong>contra entrega del documento de Autentica o <strong>US$100.0 <\/strong>por la redacci\u00f3n y aut\u00e9ntica de la Carta Poder.<\/p>\n<p style=\"text-align: left;\"><strong>PASO 4<br \/>\n<\/strong>Si lo desea, puede solicitar que la carta poder sea enviada a sus familiares a honduras. En este caso, debe proveer el nombre completo y direcci\u00f3n de la persona a quien se enviar\u00e1 el documento. Este servicio tiene un costo adicional de US$80.0 que es cancelado directamente al Notario.<\/p>\n<p>[\/et_pb_text][\/et_pb_column][\/et_pb_row][et_pb_row _builder_version=&#8221;3.9&#8243; custom_padding=&#8221;20px|20px|20px|20px&#8221; border_radii=&#8221;on|16px|16px|16px|16px&#8221; border_width_all=&#8221;1px&#8221; border_color_all=&#8221;rgba(0,0,0,0.42)&#8221; background_color=&#8221;#ffffff&#8221;][et_pb_column type=&#8221;4_4&#8243;][et_pb_text _builder_version=&#8221;3.9&#8243;]<\/p>\n<h4 style=\"text-align: center;\"><strong><u>OTROS ASUNTOS LEGALES<\/u><\/strong><\/h4>\n<p>&nbsp;<\/p>\n<p style=\"text-align: left;\">DECLARACIONES DE HEREDERO; COMPRAVENTAS Y DONACIONES DE BIENES INMUEBLES; CONSTITUCI\u00d3N DE SOCIEDADES MERCANTILES DOMICILIADAS EN HONDURAS; PARTICI\u00d3N DE HERENCIAS; PROTOCOLIZACI\u00d3N DE ACTAS; EMISI\u00d3N DE CERTIFICACIONES; MATRIMONIO CIVIL V\u00c1LIDO EN HONDURAS; DIVORCIO POR MUTUO ACUERDO, O CUALQUIER OTRO ASUNTO DE TIPO LEGAL.<\/p>\n<p style=\"text-align: left;\"><strong>Cons\u00faltenos sin compromiso<\/strong> escribiendo al correo <a href=\"mailto:legalizacioneshn@gmail.com\">legalizacioneshn@gmail.com<\/a>\u00a0o por la aplicaci\u00f3n <strong><u>gratuita<\/u><\/strong> Whatsapp al tel\u00e9fono hondure\u00f1o: <strong>+504<\/strong> <strong>8232-5449<\/strong>.<\/p>\n<p>[\/et_pb_text][\/et_pb_column][\/et_pb_row][\/et_pb_section]<\/p>\n","protected":false},"excerpt":{"rendered":"<p>TRAMITACION de DOCUMENTOS LEGALES V\u00c1LIDOS en HONDURAS para HONDURE\u00d1OS que viven en FLORIDA y LOUISIANA (USA) PODERES GENERALES, ESPECIALES O DE ADMINISTRACI\u00d3N &nbsp; PASO 1 Proveer los datos personales de quien otorga el poder y de la persona que lo recibe, consistentes en: a) nombre y apellidos completos (como aparecen en el documento de identificaci\u00f3n); b) estado civil (soltero o casado);\u00a0c) nacionalidad; d) domicilio; e) n\u00famero de tarjeta de identidad o documento de identificaci\u00f3n. PASO 2 Remitir copia o fotograf\u00eda de los documentos anteriores al correo: legalizacioneshn@gmail.com o por la aplicaci\u00f3n gratuita Whatsapp al tel\u00e9fono hondure\u00f1o: +504 8232-5449. PASO 3 Precisar el tipo de facultades que se quieren otorgar: a) facultades de representaci\u00f3n en juicio y para tr\u00e1mites administrativos (Poder General o Especial de Representaci\u00f3n); b) facultades de administraci\u00f3n, que incluye el poder de comprar, vender, dar en pago, abrir y cerrar cuentas bancarias, efectuar y recibir pagos, entre otros (Poder de Administraci\u00f3n). PASO 4 Proveer sus datos de contacto (tel\u00e9fono y\/o correo electr\u00f3nico) y presentarse ante el Notario a firmar el protocolo en la siguiente direcci\u00f3n: CENTRO DE NEGOCIOS (BUSINESS CENTER) HOTEL HOLIDAY INN MIAMI-DORAL AREA, 3255 NW. 87TH AVE. MIAMI, FLORIDA, 33172, U.S.A.\u00a0\u00a0 Si Usted env\u00eda la documentaci\u00f3n [&hellip;]<\/p>\n","protected":false},"author":14,"featured_media":0,"parent":0,"menu_order":0,"comment_status":"closed","ping_status":"closed","template":"","meta":{"_et_pb_use_builder":"on","_et_pb_old_content":"","_et_gb_content_width":"","footnotes":""},"class_list":["post-2770","page","type-page","status-publish","hentry"],"_links":{"self":[{"href":"https:\/\/www.kymabogados.com\/es\/wp-json\/wp\/v2\/pages\/2770","targetHints":{"allow":["GET"]}}],"collection":[{"href":"https:\/\/www.kymabogados.com\/es\/wp-json\/wp\/v2\/pages"}],"about":[{"href":"https:\/\/www.kymabogados.com\/es\/wp-json\/wp\/v2\/types\/page"}],"author":[{"embeddable":true,"href":"https:\/\/www.kymabogados.com\/es\/wp-json\/wp\/v2\/users\/14"}],"replies":[{"embeddable":true,"href":"https:\/\/www.kymabogados.com\/es\/wp-json\/wp\/v2\/comments?post=2770"}],"version-history":[{"count":21,"href":"https:\/\/www.kymabogados.com\/es\/wp-json\/wp\/v2\/pages\/2770\/revisions"}],"predecessor-version":[{"id":2809,"href":"https:\/\/www.kymabogados.com\/es\/wp-json\/wp\/v2\/pages\/2770\/revisions\/2809"}],"wp:attachment":[{"href":"https:\/\/www.kymabogados.com\/es\/wp-json\/wp\/v2\/media?parent=2770"}],"curies":[{"name":"wp","href":"https:\/\/api.w.org\/{rel}","templated":true}]}}