
{"id":2664,"date":"2018-07-04T08:03:47","date_gmt":"2018-07-04T14:03:47","guid":{"rendered":"http:\/\/www.kymabogados.com\/?page_id=2664"},"modified":"2022-01-22T11:38:51","modified_gmt":"2022-01-22T17:38:51","slug":"notariado","status":"publish","type":"page","link":"https:\/\/www.kymabogados.com\/es\/notariado\/","title":{"rendered":"NOTARIADO"},"content":{"rendered":"<p>[et_pb_section fb_built=&#8221;1&#8243; admin_label=&#8221;section&#8221; _builder_version=&#8221;3.22&#8243; global_colors_info=&#8221;{}&#8221;][et_pb_row admin_label=&#8221;row&#8221; _builder_version=&#8221;3.25&#8243; background_size=&#8221;initial&#8221; background_position=&#8221;top_left&#8221; background_repeat=&#8221;repeat&#8221; global_colors_info=&#8221;{}&#8221;][et_pb_column type=&#8221;4_4&#8243; _builder_version=&#8221;3.25&#8243; custom_padding=&#8221;|||&#8221; global_colors_info=&#8221;{}&#8221; custom_padding__hover=&#8221;|||&#8221;][et_pb_text admin_label=&#8221;Text&#8221; _builder_version=&#8221;3.27.4&#8243; background_size=&#8221;initial&#8221; background_position=&#8221;top_left&#8221; background_repeat=&#8221;repeat&#8221; global_colors_info=&#8221;{}&#8221;]Los servicios notariales en Honduras se proveen \u00fanicamente por abogados certificados ante la Corte Suprema de Justicia que, adicionalmente, acrediten gozar de una excelente reputaci\u00f3n y de un conocimiento profundo del Derecho.<\/p>\n<p>Los notarios dan fe p\u00fablica, certifican y autorizan la creaci\u00f3n, transmisi\u00f3n, modificaci\u00f3n, extinci\u00f3n o resoluci\u00f3n de actos, contratos y asuntos no contenciosos de diversa naturaleza que producen sus efectos jur\u00eddicos en territorio nacional.<\/p>\n<p>Contamos con amplia experiencia en el ejercicio del notariado, tanto en Honduras como en Florida, Estados Unidos de Am\u00e9rica; proveyendo a nuestros clientes de seguridad con relaci\u00f3n a la legalidad de sus transacciones.<\/p>\n<p><strong>Algunos de los asuntos no contenciosos que regularmente llevamos a cabo para nuestros clientes incluyen:<\/strong><\/p>\n<ol>\n<li>La constituci\u00f3n e incorporaci\u00f3n de sociedades mercantiles.<\/li>\n<li>El otorgamiento de poderes de administraci\u00f3n, representaci\u00f3n.<\/li>\n<li>La emisi\u00f3n de aut\u00e9nticas de copias y firmas.<\/li>\n<li>La redacci\u00f3n y protocolizaci\u00f3n de contratos civiles y comerciales.<\/li>\n<li>Procedimiento de Declaraci\u00f3n de Heredero Sin Testamento.<\/li>\n<li>Autorizaci\u00f3n de matrimonios civiles v\u00e1lidos en Honduras.<\/li>\n<li>Informaci\u00f3n\u00a0<em>ad perpetuam.<\/em><\/li>\n<li>Cesaci\u00f3n de comunidad de bienes.<\/li>\n<li>Conciliaci\u00f3n y arbitraje.<\/li>\n<li>Correcci\u00f3n de registros civiles.<\/li>\n<li>Deslinde de propiedades.<\/li>\n<li>Divorcio por mutuo consentimiento.<\/li>\n<li>Ejecuci\u00f3n de garant\u00edas en sede notarial para transacciones garantizadas.<\/li>\n<li>Creaci\u00f3n de patrimonio familiar.<\/li>\n<li>Emisi\u00f3n de certificados.<\/li>\n<li>Separaci\u00f3n de hecho.<\/li>\n<li>Partici\u00f3n de propiedad indivisa.<\/li>\n<li>Emancipaci\u00f3n voluntaria de menores.<\/li>\n<li>Enajenaci\u00f3n de bienes de menores.<\/li>\n<li>Levantamiento de inventarios solemnes.<\/li>\n<\/ol>\n<p>Si requiere asesor\u00eda en temas notariales, agende su cita haciendo\u00a0<a href=\"https:\/\/www.kymabogados.com\/es\/contactenos\/\"><strong>click aqu\u00ed<\/strong><\/a>.[\/et_pb_text][\/et_pb_column][\/et_pb_row][\/et_pb_section]<\/p>\n","protected":false},"excerpt":{"rendered":"<p>Los servicios notariales en Honduras se proveen \u00fanicamente por abogados certificados ante la Corte Suprema de Justicia que, adicionalmente, acrediten gozar de una excelente reputaci\u00f3n y de un conocimiento profundo del Derecho. Los notarios dan fe p\u00fablica, certifican y autorizan la creaci\u00f3n, transmisi\u00f3n, modificaci\u00f3n, extinci\u00f3n o resoluci\u00f3n de actos, contratos y asuntos no contenciosos de diversa naturaleza que producen sus efectos jur\u00eddicos en territorio nacional. Contamos con amplia experiencia en el ejercicio del notariado, tanto en Honduras como en Florida, Estados Unidos de Am\u00e9rica; proveyendo a nuestros clientes de seguridad con relaci\u00f3n a la legalidad de sus transacciones. Algunos de los asuntos no contenciosos que regularmente llevamos a cabo para nuestros clientes incluyen: La constituci\u00f3n e incorporaci\u00f3n de sociedades mercantiles. El otorgamiento de poderes de administraci\u00f3n, representaci\u00f3n. La emisi\u00f3n de aut\u00e9nticas de copias y firmas. La redacci\u00f3n y protocolizaci\u00f3n de contratos civiles y comerciales. Procedimiento de Declaraci\u00f3n de Heredero Sin Testamento. Autorizaci\u00f3n de matrimonios civiles v\u00e1lidos en Honduras. Informaci\u00f3n\u00a0ad perpetuam. Cesaci\u00f3n de comunidad de bienes. Conciliaci\u00f3n y arbitraje. Correcci\u00f3n de registros civiles. Deslinde de propiedades. Divorcio por mutuo consentimiento. Ejecuci\u00f3n de garant\u00edas en sede notarial para transacciones garantizadas. Creaci\u00f3n de patrimonio familiar. Emisi\u00f3n de certificados. Separaci\u00f3n de hecho. Partici\u00f3n de [&hellip;]<\/p>\n","protected":false},"author":14,"featured_media":0,"parent":0,"menu_order":0,"comment_status":"closed","ping_status":"closed","template":"","meta":{"_et_pb_use_builder":"on","_et_pb_old_content":"Los servicios notariales en Honduras se proveen \u00fanicamente por abogados certificados ante la Corte Suprema de Justicia que, adicionalmente, acrediten gozar de una excelente reputaci\u00f3n y de un conocimiento profundo del Derecho.\r\n\r\nLos notarios dan fe p\u00fablica, certifican y autorizan la creaci\u00f3n, transmisi\u00f3n, modificaci\u00f3n, extinci\u00f3n o resoluci\u00f3n de actos, contratos y asuntos no contenciosos de diversa naturaleza que producen sus efectos jur\u00eddicos en territorio nacional.\r\n\r\nContamos con amplia experiencia en el ejercicio del notariado, tanto en Honduras como en Florida, Estados Unidos de Am\u00e9rica; proveyendo a nuestros clientes de seguridad con relaci\u00f3n a la legalidad de sus transacciones.\r\n\r\n<strong>Algunos de los asuntos no contenciosos que regularmente llevamos a cabo para nuestros clientes incluyen:<\/strong>\r\n<ol>\r\n \t<li>La constituci\u00f3n e incorporaci\u00f3n de sociedades mercantiles.<\/li>\r\n \t<li>El otorgamiento de poderes de administraci\u00f3n, representaci\u00f3n.<\/li>\r\n \t<li>La emisi\u00f3n de aut\u00e9nticas de copias y firmas.<\/li>\r\n \t<li>La redacci\u00f3n y protocolizaci\u00f3n de contratos civiles y comerciales.<\/li>\r\n \t<li>Procedimiento de Declaraci\u00f3n de Heredero Sin Testamento.<\/li>\r\n \t<li>Autorizaci\u00f3n de matrimonios civiles v\u00e1lidos en Honduras.<\/li>\r\n \t<li>Informaci\u00f3n\u00a0<em>ad perpetuam.<\/em><\/li>\r\n \t<li>Cesaci\u00f3n de comunidad de bienes.<\/li>\r\n \t<li>Conciliaci\u00f3n y arbitraje.<\/li>\r\n \t<li>Correcci\u00f3n de registros civiles.<\/li>\r\n \t<li>Deslinde de propiedades.<\/li>\r\n \t<li>Divorcio por mutuo consentimiento.<\/li>\r\n \t<li>Ejecuci\u00f3n de garant\u00edas en sede notarial para transacciones garantizadas.<\/li>\r\n \t<li>Creaci\u00f3n de patrimonio familiar.<\/li>\r\n \t<li>Emisi\u00f3n de certificados.<\/li>\r\n \t<li>Separaci\u00f3n de hecho.<\/li>\r\n \t<li>Partici\u00f3n de propiedad indivisa.<\/li>\r\n \t<li>Emancipaci\u00f3n voluntaria de menores.<\/li>\r\n \t<li>Enajenaci\u00f3n de bienes de menores.<\/li>\r\n \t<li>Levantamiento de inventarios solemnes.<\/li>\r\n<\/ol>\r\nSi requiere asesor\u00eda en temas notariales, agende su cita haciendo\u00a0<a href=\"https:\/\/www.kymabogados.com\/es\/contactenos\/\"><strong>click aqu\u00ed<\/strong><\/a>.","_et_gb_content_width":"","footnotes":""},"class_list":["post-2664","page","type-page","status-publish","hentry"],"_links":{"self":[{"href":"https:\/\/www.kymabogados.com\/es\/wp-json\/wp\/v2\/pages\/2664","targetHints":{"allow":["GET"]}}],"collection":[{"href":"https:\/\/www.kymabogados.com\/es\/wp-json\/wp\/v2\/pages"}],"about":[{"href":"https:\/\/www.kymabogados.com\/es\/wp-json\/wp\/v2\/types\/page"}],"author":[{"embeddable":true,"href":"https:\/\/www.kymabogados.com\/es\/wp-json\/wp\/v2\/users\/14"}],"replies":[{"embeddable":true,"href":"https:\/\/www.kymabogados.com\/es\/wp-json\/wp\/v2\/comments?post=2664"}],"version-history":[{"count":4,"href":"https:\/\/www.kymabogados.com\/es\/wp-json\/wp\/v2\/pages\/2664\/revisions"}],"predecessor-version":[{"id":5067,"href":"https:\/\/www.kymabogados.com\/es\/wp-json\/wp\/v2\/pages\/2664\/revisions\/5067"}],"wp:attachment":[{"href":"https:\/\/www.kymabogados.com\/es\/wp-json\/wp\/v2\/media?parent=2664"}],"curies":[{"name":"wp","href":"https:\/\/api.w.org\/{rel}","templated":true}]}}