
{"id":1921,"date":"2016-11-15T16:46:12","date_gmt":"2016-11-15T22:46:12","guid":{"rendered":"http:\/\/www.kymabogados.com\/?page_id=1921"},"modified":"2022-01-17T13:55:05","modified_gmt":"2022-01-17T19:55:05","slug":"los-abogados","status":"publish","type":"page","link":"https:\/\/www.kymabogados.com\/es\/los-abogados\/","title":{"rendered":"Abogados"},"content":{"rendered":"<ul>\n<li><span style=\"font-size: 14pt;\"><a href=\"https:\/\/www.kymabogados.com\/es\/alda-lizzette-mejia-2\/\"><strong>Alda Lizzette Mej\u00eda<\/strong><\/a><\/span><\/li>\n<li><span style=\"font-size: 14pt;\"><a href=\"https:\/\/www.kymabogados.com\/es\/jorge-jesus-kawas-mejia-2\/\"><strong>Jorge Jes\u00fas Kawas Mej\u00eda<\/strong><\/a><\/span><\/li>\n<li><span style=\"font-size: 14pt;\"><a href=\"https:\/\/www.kymabogados.com\/es\/jorge-yelil-kawas-mejia-2\/\"><strong>Jorge Yelil Kawas Mej\u00eda<\/strong><\/a><\/span><\/li>\n<li><span style=\"font-size: 14pt;\"><a href=\"https:\/\/www.kymabogados.com\/es\/jorge-jesus-kawas-fernandez-2\/\"><strong>Jorge Jes\u00fas Kawas Fernandez<\/strong><\/a><\/span><\/li>\n<\/ul>\n","protected":false},"excerpt":{"rendered":"<p>Alda Lizzette Mej\u00eda Jorge Jes\u00fas Kawas Mej\u00eda Jorge Yelil Kawas Mej\u00eda Jorge Jes\u00fas Kawas Fernandez<\/p>\n","protected":false},"author":14,"featured_media":0,"parent":0,"menu_order":0,"comment_status":"closed","ping_status":"closed","template":"","meta":{"_et_pb_use_builder":"on","_et_pb_old_content":"<ul>\r\n \t<li><span style=\"font-size: 14pt;\"><a href=\"https:\/\/www.kymabogados.com\/es\/alda-lizzette-mejia-2\/\"><strong>Alda Lizzette Mej\u00eda<\/strong><\/a><\/span><\/li>\r\n \t<li><span style=\"font-size: 14pt;\"><a href=\"https:\/\/www.kymabogados.com\/es\/jorge-jesus-kawas-mejia-2\/\"><strong>Jorge Jes\u00fas Kawas Mej\u00eda<\/strong><\/a><\/span><\/li>\r\n \t<li><span style=\"font-size: 14pt;\"><a href=\"https:\/\/www.kymabogados.com\/es\/jorge-yelil-kawas-mejia-2\/\"><strong>Jorge Yelil Kawas Mej\u00eda<\/strong><\/a><\/span><\/li>\r\n \t<li><span style=\"font-size: 14pt;\"><a href=\"https:\/\/www.kymabogados.com\/es\/jorge-jesus-kawas-fernandez-2\/\"><strong>Jorge Jes\u00fas Kawas Fernandez<\/strong><\/a><\/span><\/li>\r\n<\/ul>","_et_gb_content_width":"","footnotes":""},"class_list":["post-1921","page","type-page","status-publish","hentry"],"_links":{"self":[{"href":"https:\/\/www.kymabogados.com\/es\/wp-json\/wp\/v2\/pages\/1921","targetHints":{"allow":["GET"]}}],"collection":[{"href":"https:\/\/www.kymabogados.com\/es\/wp-json\/wp\/v2\/pages"}],"about":[{"href":"https:\/\/www.kymabogados.com\/es\/wp-json\/wp\/v2\/types\/page"}],"author":[{"embeddable":true,"href":"https:\/\/www.kymabogados.com\/es\/wp-json\/wp\/v2\/users\/14"}],"replies":[{"embeddable":true,"href":"https:\/\/www.kymabogados.com\/es\/wp-json\/wp\/v2\/comments?post=1921"}],"version-history":[{"count":18,"href":"https:\/\/www.kymabogados.com\/es\/wp-json\/wp\/v2\/pages\/1921\/revisions"}],"predecessor-version":[{"id":4569,"href":"https:\/\/www.kymabogados.com\/es\/wp-json\/wp\/v2\/pages\/1921\/revisions\/4569"}],"wp:attachment":[{"href":"https:\/\/www.kymabogados.com\/es\/wp-json\/wp\/v2\/media?parent=1921"}],"curies":[{"name":"wp","href":"https:\/\/api.w.org\/{rel}","templated":true}]}}