
{"id":1834,"date":"2015-09-17T13:43:53","date_gmt":"2015-09-17T19:43:53","guid":{"rendered":"http:\/\/www.kymabogados.com\/?page_id=1834"},"modified":"2020-06-29T22:59:51","modified_gmt":"2020-06-30T04:59:51","slug":"transacciones-representativas","status":"publish","type":"page","link":"https:\/\/www.kymabogados.com\/es\/transacciones-representativas\/","title":{"rendered":"Transacciones representativas"},"content":{"rendered":"<ul>\n<li>K&amp;M Abogados, en representaci\u00f3n de un m\u00e9dico acusado por presunta mala praxis m\u00e9dica derivada de una cirug\u00eda, cierra un acuerdo extrajudicial por aproximadamente L.3.5 millones con el paciente de un centro hospitalario presuntamente perjudicado durante un procedimiento quir\u00fargico, evitando as\u00ed un litigio por L.20.0 millones.<\/li>\n<li>K&amp;M Abogados, en representaci\u00f3n de la parte demandada, gan\u00f3 mediante sentencia judicial firme un caso por L. 22.0 millones por una acci\u00f3n de reclamaci\u00f3n de da\u00f1os y perjuicios en contra de facultativo m\u00e9dico por una presunta mala praxis m\u00e9dica.<\/li>\n<li>K&amp;M Abogados representa a paciente de Hospital P\u00fablico por mala praxis m\u00e9dica con el resultado de lesi\u00f3n irreversible en el nervio ci\u00e1tico derivado de ocho cirug\u00edas fallidas en reclamaci\u00f3n por aproximadamente L.40.0 millones.<\/li>\n<li>K&amp;M Abogados representa a sociedad mercantil inmobiliaria por expropiaci\u00f3n por v\u00eda de hecho de terrenos de propiedad privada y da\u00f1o ambiental en contra del Estado de Honduras por aproximadamente L.250.0 millones.<\/li>\n<li>K&amp;M Abogados asesor\u00f3 y represent\u00f3 extrajudicialmente a una ciudadana extranjera por el reclamo de tierras ubicadas en la zona insular del pa\u00eds por L.212.0 millones.<\/li>\n<li>K&amp;M Abogados asesor\u00f3 y estructur\u00f3 en Honduras la sucursal de la Cooperativa de Consumo m\u00e1s grande de Suiza con un capital social autorizado de L.10.0 millones.<\/li>\n<li>K&amp;M Abogados, en conjunto con Veriano Abogados de Brasil, asesora en la redacci\u00f3n de una carta de intenciones y compraventa de una empresa de energ\u00eda renovable en Honduras.<\/li>\n<li>K&amp;M Abogados represent\u00f3 exitosamente a una agencia de cooperaci\u00f3n internacional en la protecci\u00f3n de los intereses de una etnia hondure\u00f1a en una demanda por incumplimiento contractual por el comercio de Liquid\u00e1mbar con una empresa salvadore\u00f1a transnacional.<\/li>\n<li>K&amp;M Abogados, en representaci\u00f3n del patrono, gan\u00f3 juicio en el Juzgado de Letras del Trabajo en un reclamo por despido injustificado. El reclamo era por L.250.0 miles m\u00e1s salarios ca\u00eddos.<\/li>\n<li>K&amp;M Abogados, fue el primer despacho en honduras en obtener sentencia judicial firme en contra de un periodista acusado por el delito de injurias y difamaci\u00f3n.<\/li>\n<li>K&amp;M Abogados logra acuerdo extrajudicial con Banco regional operando en Honduras en dos demandas por da\u00f1os y perjuicios derivados de accidente de tr\u00e1fico en el que result\u00f3 lesionado el presidente de dicha instituci\u00f3n.<\/li>\n<li>K&amp;M Abogados asesor\u00f3 a un Banco Multilateral de Desarrollo en la implementaci\u00f3n del C\u00f3digo de \u00c9tica.<\/li>\n<\/ul>\n","protected":false},"excerpt":{"rendered":"<p>K&amp;M Abogados, en representaci\u00f3n de un m\u00e9dico acusado por presunta mala praxis m\u00e9dica derivada de una cirug\u00eda, cierra un acuerdo extrajudicial por aproximadamente L.3.5 millones con el paciente de un centro hospitalario presuntamente perjudicado durante un procedimiento quir\u00fargico, evitando as\u00ed un litigio por L.20.0 millones. K&amp;M Abogados, en representaci\u00f3n de la parte demandada, gan\u00f3 mediante [&hellip;]<\/p>\n","protected":false},"author":14,"featured_media":0,"parent":0,"menu_order":0,"comment_status":"closed","ping_status":"closed","template":"","meta":{"_et_pb_use_builder":"","_et_pb_old_content":"","_et_gb_content_width":"","footnotes":""},"class_list":["post-1834","page","type-page","status-publish","hentry"],"_links":{"self":[{"href":"https:\/\/www.kymabogados.com\/es\/wp-json\/wp\/v2\/pages\/1834","targetHints":{"allow":["GET"]}}],"collection":[{"href":"https:\/\/www.kymabogados.com\/es\/wp-json\/wp\/v2\/pages"}],"about":[{"href":"https:\/\/www.kymabogados.com\/es\/wp-json\/wp\/v2\/types\/page"}],"author":[{"embeddable":true,"href":"https:\/\/www.kymabogados.com\/es\/wp-json\/wp\/v2\/users\/14"}],"replies":[{"embeddable":true,"href":"https:\/\/www.kymabogados.com\/es\/wp-json\/wp\/v2\/comments?post=1834"}],"version-history":[{"count":1,"href":"https:\/\/www.kymabogados.com\/es\/wp-json\/wp\/v2\/pages\/1834\/revisions"}],"predecessor-version":[{"id":1835,"href":"https:\/\/www.kymabogados.com\/es\/wp-json\/wp\/v2\/pages\/1834\/revisions\/1835"}],"wp:attachment":[{"href":"https:\/\/www.kymabogados.com\/es\/wp-json\/wp\/v2\/media?parent=1834"}],"curies":[{"name":"wp","href":"https:\/\/api.w.org\/{rel}","templated":true}]}}