
{"id":1831,"date":"2015-09-17T11:07:50","date_gmt":"2015-09-17T17:07:50","guid":{"rendered":"http:\/\/www.kymabogados.com\/?page_id=1831"},"modified":"2020-06-29T22:59:49","modified_gmt":"2020-06-30T04:59:49","slug":"por-que-trabajar-con-km-abogados","status":"publish","type":"page","link":"https:\/\/www.kymabogados.com\/es\/por-que-trabajar-con-km-abogados\/","title":{"rendered":"\u00bfPor qu\u00e9 trabajar con K&#038;M Abogados?"},"content":{"rendered":"<p>[et_pb_section fb_built=&#8221;1&#8243; _builder_version=&#8221;3.22&#8243;][et_pb_row _builder_version=&#8221;3.25&#8243; background_size=&#8221;initial&#8221; background_position=&#8221;top_left&#8221; background_repeat=&#8221;repeat&#8221;][et_pb_column type=&#8221;4_4&#8243; _builder_version=&#8221;3.25&#8243; custom_padding=&#8221;|||&#8221; custom_padding__hover=&#8221;|||&#8221;][et_pb_text _builder_version=&#8221;3.27.4&#8243; background_size=&#8221;initial&#8221; background_position=&#8221;top_left&#8221; background_repeat=&#8221;repeat&#8221;]K&amp;M Abogados es una firma que cuenta con m\u00faltiples \u00e1reas de pr\u00e1ctica. A diferencia de otros despachos legales, todos nuestros socios son abogados de renombre, con fluidez en m\u00faltiples idiomas y egresados de las universidades m\u00e1s prestigiosas de Honduras y del Extranjero como Harvard Law School, Loyola University, Toulouse University y el Tecnol\u00f3gico de Monterrey, entre otras.<\/p>\n<p>&nbsp;<\/p>\n<p>Garantizamos a nuestros clientes una atenci\u00f3n personalizada bajo la supervision de un socio especializado en la materia y no asignamos sistem\u00e1ticamente trabajo a abogados con poca experiencia en proceso de formaci\u00f3n. Asimismo, nos tomamos el cuidado de dar seguimiento cercano a los casos que nos son encomendados para evitar retrasos innecesarios y avanzar, de la forma m\u00e1s r\u00e1pida y eficiente posible, en beneficio de nuestros clientes.<\/p>\n<p>&nbsp;<\/p>\n<p>Debemos aclarar que nuestro despacho no examina los asuntos bajo una \u00f3ptica estrictamente econ\u00f3mica. Para nosotros, es una prioridad lograr una relaci\u00f3n de largo plazo con nuestros clientes y ser para ellos el despacho legal de referencia.<\/p>\n<p>&nbsp;<\/p>\n<p>Finalmente, pero no menos importante, somos un despacho de abogados honestos e \u00edntegros.\u00a0 Tenemos por pol\u00edtica explicar de forma clara a nuestros clientes las alternativas legales que, seg\u00fan nuestro leal saber y entender, pueden serles de utilidad en un asunto concreto y, por ello, nos tomamos el tiempo de explicar, sin exageraciones,\u00a0 el camino m\u00e1s viable para lograr el resultado deseado.<br \/>\n[\/et_pb_text][\/et_pb_column][\/et_pb_row][\/et_pb_section]<\/p>\n","protected":false},"excerpt":{"rendered":"<p>K&amp;M Abogados es una firma que cuenta con m\u00faltiples \u00e1reas de pr\u00e1ctica. A diferencia de otros despachos legales, todos nuestros socios son abogados de renombre, con fluidez en m\u00faltiples idiomas y egresados de las universidades m\u00e1s prestigiosas de Honduras y del Extranjero como Harvard Law School, Loyola University, Toulouse University y el Tecnol\u00f3gico de Monterrey, entre otras. &nbsp; Garantizamos a nuestros clientes una atenci\u00f3n personalizada bajo la supervision de un socio especializado en la materia y no asignamos sistem\u00e1ticamente trabajo a abogados con poca experiencia en proceso de formaci\u00f3n. Asimismo, nos tomamos el cuidado de dar seguimiento cercano a los casos que nos son encomendados para evitar retrasos innecesarios y avanzar, de la forma m\u00e1s r\u00e1pida y eficiente posible, en beneficio de nuestros clientes. &nbsp; Debemos aclarar que nuestro despacho no examina los asuntos bajo una \u00f3ptica estrictamente econ\u00f3mica. Para nosotros, es una prioridad lograr una relaci\u00f3n de largo plazo con nuestros clientes y ser para ellos el despacho legal de referencia. &nbsp; Finalmente, pero no menos importante, somos un despacho de abogados honestos e \u00edntegros.\u00a0 Tenemos por pol\u00edtica explicar de forma clara a nuestros clientes las alternativas legales que, seg\u00fan nuestro leal saber y entender, pueden serles de utilidad [&hellip;]<\/p>\n","protected":false},"author":14,"featured_media":0,"parent":0,"menu_order":0,"comment_status":"closed","ping_status":"closed","template":"","meta":{"_et_pb_use_builder":"on","_et_pb_old_content":"<p>K&M Abogados es una firma que cuenta con m\u00faltiples \u00e1reas de pr\u00e1ctica. A diferencia de otros despachos legales, todos nuestros socios son abogados de renombre, con fluidez en m\u00faltiples idiomas y egresados de las universidades m\u00e1s prestigiosas de Honduras y del Extranjero como Harvard Law School, Loyola University, Toulouse University y el Tecnol\u00f3gico de Monterrey, entre otras.<\/p><p>\u00a0<\/p><p>Garantizamos a nuestros clientes una atenci\u00f3n personalizada bajo la supervision de un socio especializado en la materia y no asignamos sistem\u00e1ticamente trabajo a abogados con poca experiencia en proceso de formaci\u00f3n. Asimismo, nos tomamos el cuidado de dar seguimiento cercano a los casos que nos son encomendados para evitar retrasos innecesarios y avanzar, de la forma m\u00e1s r\u00e1pida y eficiente posible, en beneficio de nuestros clientes.<\/p><p>\u00a0<\/p><p>Debemos aclarar que nuestro despacho no examina los asuntos bajo una \u00f3ptica estrictamente econ\u00f3mica. Para nosotros, es una prioridad lograr una relaci\u00f3n de largo plazo con nuestros clientes y ser para ellos el despacho legal de referencia.<\/p><p>\u00a0<\/p><p>Finalmente, pero no menos importante, somos un despacho de abogados honestos e \u00edntegros.\u00a0 Tenemos por pol\u00edtica explicar de forma clara a nuestros clientes las alternativas legales que, seg\u00fan nuestro leal saber y entender, pueden serles de utilidad en un asunto concreto y, por ello, nos tomamos el tiempo de explicar, sin exageraciones,\u00a0 el camino m\u00e1s viable para lograr el resultado deseado.<\/p>","_et_gb_content_width":"","footnotes":""},"class_list":["post-1831","page","type-page","status-publish","hentry"],"_links":{"self":[{"href":"https:\/\/www.kymabogados.com\/es\/wp-json\/wp\/v2\/pages\/1831","targetHints":{"allow":["GET"]}}],"collection":[{"href":"https:\/\/www.kymabogados.com\/es\/wp-json\/wp\/v2\/pages"}],"about":[{"href":"https:\/\/www.kymabogados.com\/es\/wp-json\/wp\/v2\/types\/page"}],"author":[{"embeddable":true,"href":"https:\/\/www.kymabogados.com\/es\/wp-json\/wp\/v2\/users\/14"}],"replies":[{"embeddable":true,"href":"https:\/\/www.kymabogados.com\/es\/wp-json\/wp\/v2\/comments?post=1831"}],"version-history":[{"count":5,"href":"https:\/\/www.kymabogados.com\/es\/wp-json\/wp\/v2\/pages\/1831\/revisions"}],"predecessor-version":[{"id":3857,"href":"https:\/\/www.kymabogados.com\/es\/wp-json\/wp\/v2\/pages\/1831\/revisions\/3857"}],"wp:attachment":[{"href":"https:\/\/www.kymabogados.com\/es\/wp-json\/wp\/v2\/media?parent=1831"}],"curies":[{"name":"wp","href":"https:\/\/api.w.org\/{rel}","templated":true}]}}