
{"id":1799,"date":"2015-08-31T20:11:30","date_gmt":"2015-09-01T02:11:30","guid":{"rendered":"http:\/\/www.kymabogados.com\/?page_id=1799"},"modified":"2025-10-19T18:17:44","modified_gmt":"2025-10-20T00:17:44","slug":"contactenos","status":"publish","type":"page","link":"https:\/\/www.kymabogados.com\/es\/contactenos\/","title":{"rendered":"Cont\u00e1ctenos"},"content":{"rendered":"<p>[et_pb_section fb_built=&#8221;1&#8243; _builder_version=&#8221;4.16&#8243; custom_margin=&#8221;0px||||false|false&#8221; custom_padding=&#8221;0px||||false|false&#8221; global_colors_info=&#8221;{}&#8221; theme_builder_area=&#8221;post_content&#8221;][et_pb_row column_structure=&#8221;1_2,1_2&#8243; _builder_version=&#8221;4.16&#8243; background_size=&#8221;initial&#8221; background_position=&#8221;top_left&#8221; background_repeat=&#8221;repeat&#8221; width=&#8221;100%&#8221; custom_margin=&#8221;0px||||false|false&#8221; custom_padding=&#8221;0px||||false|false&#8221; global_colors_info=&#8221;{}&#8221; theme_builder_area=&#8221;post_content&#8221;][et_pb_column type=&#8221;1_2&#8243; _builder_version=&#8221;4.16&#8243; custom_padding=&#8221;|||&#8221; global_colors_info=&#8221;{}&#8221; custom_padding__hover=&#8221;|||&#8221; theme_builder_area=&#8221;post_content&#8221;][et_pb_text _builder_version=&#8221;4.16&#8243; header_4_text_color=&#8221;#4b506f&#8221; global_colors_info=&#8221;{}&#8221; theme_builder_area=&#8221;post_content&#8221;]<\/p>\n<p><img loading=\"lazy\" decoding=\"async\" src=\"https:\/\/www.kymabogados.com\/wp-content\/uploads\/2020\/04\/logo-kym-abogados.png\" alt=\"Logo KyM Abogados\" class=\"wp-image-2994 alignnone size-full\" width=\"274\" height=\"66\" \/><\/p>\n<p>Complejo Corporativo Metr\u00f3polis, Torre II, Tegucigalpa, M.D.C., Honduras, C.A.<\/p>\n<p><strong>Tel\u00e9fono:<\/strong> +504 9583-1902<\/p>\n<p><strong>Email:<\/strong>\u00a0<a href=\"https:\/\/web.archive.org\/web\/20151112181246\/mailto:info@kymabogados.com\">info@kymabogados.com<\/a><\/p>\n<p>[\/et_pb_text][et_pb_map address=&#8221;Boulevard Suyapa, Tegucigalpa, Honduras&#8221; zoom_level=&#8221;15&#8243; address_lat=&#8221;14.084285&#8243; address_lng=&#8221;-87.18882000000002&#8243; _builder_version=&#8221;4.16&#8243; height=&#8221;420px&#8221; saved_tabs=&#8221;all&#8221; locked=&#8221;off&#8221; global_colors_info=&#8221;{}&#8221; theme_builder_area=&#8221;post_content&#8221;][et_pb_map_pin pin_address=&#8221;Tegucigalpa, Honduras&#8221; pin_address_lat=&#8221;14.085697&#8243; pin_address_lng=&#8221;-87.18623630000002&#8243; _builder_version=&#8221;3.7.1&#8243; global_colors_info=&#8221;{}&#8221; theme_builder_area=&#8221;post_content&#8221;]<\/p>\n<p><strong><span style=\"font-size: 12pt;\">K y M Abogados<br \/><\/span><\/strong>Complejo Corporativo Metr\u00f3polis,<br \/>Torre II, Tegucigalpa, M.D.C., Honduras, C.A.<\/p>\n<p>[\/et_pb_map_pin][\/et_pb_map][\/et_pb_column][et_pb_column type=&#8221;1_2&#8243; _builder_version=&#8221;4.16&#8243; custom_padding=&#8221;|||&#8221; global_colors_info=&#8221;{}&#8221; custom_padding__hover=&#8221;|||&#8221; theme_builder_area=&#8221;post_content&#8221;][et_pb_text _builder_version=&#8221;4.16&#8243; header_4_text_color=&#8221;#4b506f&#8221; global_colors_info=&#8221;{}&#8221; theme_builder_area=&#8221;post_content&#8221;]<\/p>\n<p>Por favor resuma los aspectos relevantes de su caso y detalle el tipo de asistencia legal que requiere. Asimismo, puede anexar la documentaci\u00f3n que estime pertinente a su caso. Todo mensaje electr\u00f3nico se considera confidencial, pero su remisi\u00f3n no crea una obligaci\u00f3n legal de asesorar o representar por parte de K&amp;M Abogados, S.A.; ni genera responsabilidad de ning\u00fan tipo para la firma, sus abogados, asociados, procuradores y personal administrativo.<\/p>\n<p>[\/et_pb_text][dsm_contact_form_7 cf7_library=&#8221;4346&#8243; label_bottom_spacing=&#8221;6px&#8221; _builder_version=&#8221;4.16&#8243; _module_preset=&#8221;default&#8221; input_textarea_select_text_color=&#8221;#000000&#8243; custom_button_one=&#8221;on&#8221; button_one_text_color=&#8221;#FFFFFF&#8221; button_one_custom_margin=&#8221;6px||||false|false&#8221; custom_margin=&#8221;0px||||false|false&#8221; custom_padding=&#8221;0px||||false|false&#8221; border_radii_image=&#8221;on|6px|6px|6px|6px&#8221; box_shadow_style_input_field=&#8221;preset3&#8243; box_shadow_vertical_input_field=&#8221;8px&#8221; box_shadow_blur_input_field=&#8221;7px&#8221; box_shadow_spread_input_field=&#8221;-9px&#8221; global_colors_info=&#8221;{}&#8221; theme_builder_area=&#8221;post_content&#8221;][\/dsm_contact_form_7][\/et_pb_column][\/et_pb_row][\/et_pb_section]<\/p>\n","protected":false},"excerpt":{"rendered":"<p>Complejo Corporativo Metr\u00f3polis, Torre II, Tegucigalpa, M.D.C., Honduras, C.A. Tel\u00e9fono: +504 9583-1902 Email:\u00a0info@kymabogados.comK y M AbogadosComplejo Corporativo Metr\u00f3polis,Torre II, Tegucigalpa, M.D.C., Honduras, C.A.Por favor resuma los aspectos relevantes de su caso y detalle el tipo de asistencia legal que requiere. Asimismo, puede anexar la documentaci\u00f3n que estime pertinente a su caso. Todo mensaje electr\u00f3nico se considera confidencial, pero su remisi\u00f3n no crea una obligaci\u00f3n legal de asesorar o representar por parte de K&amp;M Abogados, S.A.; ni genera responsabilidad de ning\u00fan tipo para la firma, sus abogados, asociados, procuradores y personal administrativo.<div class=\"et_pb_module dsm_contact_form_7 dsm_contact_form_7_0\">\n\t\t\t\t\n\t\t\t\t\n\t\t\t\t\n\t\t\t\t\n\t\t\t\t\n\t\t\t\t\n\t\t\t\t<div class=\"et_pb_module_inner\">\n\t\t\t\t\t<div class=\"\">\n\t\t\t\t\n<div class=\"wpcf7 no-js\" id=\"wpcf7-f4346-o1\" lang=\"en-US\" dir=\"ltr\" data-wpcf7-id=\"4346\">\n<div class=\"screen-reader-response\"><p role=\"status\" aria-live=\"polite\" aria-atomic=\"true\"><\/p> <ul><\/ul><\/div>\n<form action=\"\/es\/wp-json\/wp\/v2\/pages\/1799#wpcf7-f4346-o1\" method=\"post\" class=\"wpcf7-form init cf7-style\" aria-label=\"Contact form\" enctype=\"multipart\/form-data\" novalidate=\"novalidate\" data-status=\"init\">\n<fieldset class=\"hidden-fields-container\"><input type=\"hidden\" name=\"_wpcf7\" value=\"4346\" \/><input type=\"hidden\" name=\"_wpcf7_version\" value=\"6.1.5\" \/><input type=\"hidden\" name=\"_wpcf7_locale\" value=\"en_US\" \/><input type=\"hidden\" name=\"_wpcf7_unit_tag\" value=\"wpcf7-f4346-o1\" \/><input type=\"hidden\" name=\"_wpcf7_container_post\" value=\"0\" \/><input type=\"hidden\" name=\"_wpcf7_posted_data_hash\" value=\"\" \/>\n<\/fieldset>\n<p><span class=\"wpcf7-form-control-wrap\" data-name=\"fullname\"><input size=\"40\" maxlength=\"400\" class=\"wpcf7-form-control wpcf7-text wpcf7-validates-as-required\" aria-required=\"true\" aria-invalid=\"false\" placeholder=\"Nombre Completo\" value=\"\" type=\"text\" name=\"fullname\" \/><\/span>\n<\/p>\n<p><span class=\"wpcf7-form-control-wrap\" data-name=\"email\"><input size=\"40\" maxlength=\"400\" class=\"wpcf7-form-control wpcf7-email wpcf7-validates-as-required wpcf7-text wpcf7-validates-as-email\" aria-required=\"true\" aria-invalid=\"false\" placeholder=\"Email\" value=\"\" type=\"email\" name=\"email\" \/><\/span>\n<\/p>\n<p><span class=\"wpcf7-form-control-wrap\" data-name=\"phone\"><input size=\"40\" maxlength=\"400\" class=\"wpcf7-form-control wpcf7-tel wpcf7-text wpcf7-validates-as-tel\" aria-invalid=\"false\" placeholder=\"Tel\u00e9fono\" value=\"\" type=\"tel\" name=\"phone\" \/><\/span>\n<\/p>\n<p><span class=\"wpcf7-form-control-wrap\" data-name=\"subject\"><input size=\"40\" maxlength=\"400\" class=\"wpcf7-form-control wpcf7-text wpcf7-validates-as-required\" aria-required=\"true\" aria-invalid=\"false\" placeholder=\"Asunto\" value=\"\" type=\"text\" name=\"subject\" \/><\/span>\n<\/p>\n<p><span class=\"wpcf7-form-control-wrap\" data-name=\"message\"><textarea cols=\"40\" rows=\"10\" maxlength=\"2000\" class=\"wpcf7-form-control wpcf7-textarea wpcf7-validates-as-required\" aria-required=\"true\" aria-invalid=\"false\" placeholder=\"Mensaje\" name=\"message\"><\/textarea><\/span>\n<\/p>\n<p><label> Adjuntar un archivo (m\u00e1x. 5 Mb):<\/label>\n<\/p>\n<p><span class=\"wpcf7-form-control-wrap\" data-name=\"file\"><input size=\"40\" class=\"wpcf7-form-control wpcf7-file\" accept=\"audio\/*,video\/*,image\/*\" aria-invalid=\"false\" type=\"file\" name=\"file\" \/><\/span>\n<\/p>\n<p><div id=\"cf7sr-69fa645cdb22a\" class=\"cf7sr-g-recaptcha\" data-theme=\"light\" data-type=\"image\" data-size=\"normal\" data-sitekey=\"6LeZ3YgqAAAAAFpK0m_z7huB3o-kugQQIOX_r6jH\"><\/div><span class=\"wpcf7-form-control-wrap cf7sr-recaptcha\" data-name=\"cf7sr-recaptcha\"><input type=\"hidden\" name=\"cf7sr-recaptcha\" value=\"\" class=\"wpcf7-form-control\"><\/span>\n<\/p>\n<p><button class=\"wpcf7-form-control wpcf7-submit has-spinner et_pb_button et_pb_bg_layout_light\" type=\"submit\" value=\"Enviar\">Enviar<\/button>\n<\/p><div class=\"wpcf7-response-output\" aria-hidden=\"true\"><\/div>\n<\/form>\n<\/div>\n\n\t\t\t<\/div>\n\t\t\t\t<\/div>\n\t\t\t<\/div><\/p>\n","protected":false},"author":14,"featured_media":617,"parent":0,"menu_order":0,"comment_status":"closed","ping_status":"closed","template":"","meta":{"_et_pb_use_builder":"on","_et_pb_old_content":"","_et_gb_content_width":"","footnotes":""},"class_list":["post-1799","page","type-page","status-publish","has-post-thumbnail","hentry"],"_links":{"self":[{"href":"https:\/\/www.kymabogados.com\/es\/wp-json\/wp\/v2\/pages\/1799","targetHints":{"allow":["GET"]}}],"collection":[{"href":"https:\/\/www.kymabogados.com\/es\/wp-json\/wp\/v2\/pages"}],"about":[{"href":"https:\/\/www.kymabogados.com\/es\/wp-json\/wp\/v2\/types\/page"}],"author":[{"embeddable":true,"href":"https:\/\/www.kymabogados.com\/es\/wp-json\/wp\/v2\/users\/14"}],"replies":[{"embeddable":true,"href":"https:\/\/www.kymabogados.com\/es\/wp-json\/wp\/v2\/comments?post=1799"}],"version-history":[{"count":31,"href":"https:\/\/www.kymabogados.com\/es\/wp-json\/wp\/v2\/pages\/1799\/revisions"}],"predecessor-version":[{"id":5418,"href":"https:\/\/www.kymabogados.com\/es\/wp-json\/wp\/v2\/pages\/1799\/revisions\/5418"}],"wp:featuredmedia":[{"embeddable":true,"href":"https:\/\/www.kymabogados.com\/es\/wp-json\/wp\/v2\/media\/617"}],"wp:attachment":[{"href":"https:\/\/www.kymabogados.com\/es\/wp-json\/wp\/v2\/media?parent=1799"}],"curies":[{"name":"wp","href":"https:\/\/api.w.org\/{rel}","templated":true}]}}