
{"id":1727,"date":"2015-08-22T17:28:16","date_gmt":"2015-08-22T23:28:16","guid":{"rendered":"http:\/\/www.kymabogados.com\/?page_id=1727"},"modified":"2022-01-22T18:54:51","modified_gmt":"2022-01-23T00:54:51","slug":"la-firma","status":"publish","type":"page","link":"https:\/\/www.kymabogados.com\/es\/la-firma\/","title":{"rendered":"La Firma"},"content":{"rendered":"<p>[et_pb_section fb_built=&#8221;1&#8243; admin_label=&#8221;section&#8221; _builder_version=&#8221;4.14.7&#8243; hover_enabled=&#8221;0&#8243; global_colors_info=&#8221;{}&#8221; theme_builder_area=&#8221;post_content&#8221; sticky_enabled=&#8221;0&#8243; custom_margin=&#8221;0px||||false|false&#8221; custom_padding=&#8221;0px||||false|false&#8221;][et_pb_row admin_label=&#8221;row&#8221; _builder_version=&#8221;4.14.7&#8243; background_size=&#8221;initial&#8221; background_position=&#8221;top_left&#8221; background_repeat=&#8221;repeat&#8221; hover_enabled=&#8221;0&#8243; global_colors_info=&#8221;{}&#8221; theme_builder_area=&#8221;post_content&#8221; sticky_enabled=&#8221;0&#8243; width=&#8221;100%&#8221; custom_margin=&#8221;0px||||false|false&#8221; custom_padding=&#8221;0px||||false|false&#8221;][et_pb_column type=&#8221;4_4&#8243; _builder_version=&#8221;3.25&#8243; custom_padding=&#8221;|||&#8221; global_colors_info=&#8221;{}&#8221; custom_padding__hover=&#8221;|||&#8221; theme_builder_area=&#8221;post_content&#8221;][et_pb_text admin_label=&#8221;Text&#8221; _builder_version=&#8221;4.14.7&#8243; background_size=&#8221;initial&#8221; background_position=&#8221;top_left&#8221; background_repeat=&#8221;repeat&#8221; global_colors_info=&#8221;{}&#8221; theme_builder_area=&#8221;post_content&#8221;]<\/p>\n<h3>Un legado que perdura<\/h3>\n<p>K&amp;M Abogados, S.A. es una firma legal familiar fundada en s\u00f3lidos principios cristianos. El despacho se incorpor\u00f3 en octubre de 2009, en un momento gran incertidumbre pol\u00edtica y econ\u00f3mica para la Rep\u00fablica de Honduras. A pesar de las dificultades que enfrenta el pa\u00eds, por la gracia de Dios nuestra firma permanece, perdura y prospera en donde otros han fracasado.<\/p>\n<p>No somos una firma legal de gran tama\u00f1o, y tampoco anhelamos convertirnos en una. Al contrario, trabajamos cada d\u00eda, de forma consistente, para construir un gran despacho de abogados. Le ofrecemos a nuestros clientes una asesor\u00eda especializada, profunda, directa y honesta; y nuestra mayor satisfacci\u00f3n es ser un factor de cambio positivo para nuestros clientes; muchos de los cuales han permanecido con nosotros desde hace varios a\u00f1os.<\/p>\n<p>Esperamos sinceramente, con independencia de su procedencia y de su giro de negocio, que se una al selecto grupo de clientes, nacionales y extranjeros, grandes y peque\u00f1os, que han descubierto las enormes ventajas de trabajar con un bufete que cuenta con recursos t\u00e9cnicos y con profesionales expertos en sus respectivas \u00e1reas de pr\u00e1ctica que son capaces de proveer soluciones jur\u00eddicas que se adapten a sus necesidades.<\/p>\n<p>[\/et_pb_text][\/et_pb_column][\/et_pb_row][\/et_pb_section]<\/p>\n","protected":false},"excerpt":{"rendered":"<p>Un legado que perdura K&amp;M Abogados, S.A. es una firma legal familiar fundada en s\u00f3lidos principios cristianos. El despacho se incorpor\u00f3 en octubre de 2009, en un momento gran incertidumbre pol\u00edtica y econ\u00f3mica para la Rep\u00fablica de Honduras. A pesar de las dificultades que enfrenta el pa\u00eds, por la gracia de Dios nuestra firma permanece, perdura y prospera en donde otros han fracasado. No somos una firma legal de gran tama\u00f1o, y tampoco anhelamos convertirnos en una. Al contrario, trabajamos cada d\u00eda, de forma consistente, para construir un gran despacho de abogados. Le ofrecemos a nuestros clientes una asesor\u00eda especializada, profunda, directa y honesta; y nuestra mayor satisfacci\u00f3n es ser un factor de cambio positivo para nuestros clientes; muchos de los cuales han permanecido con nosotros desde hace varios a\u00f1os. Esperamos sinceramente, con independencia de su procedencia y de su giro de negocio, que se una al selecto grupo de clientes, nacionales y extranjeros, grandes y peque\u00f1os, que han descubierto las enormes ventajas de trabajar con un bufete que cuenta con recursos t\u00e9cnicos y con profesionales expertos en sus respectivas \u00e1reas de pr\u00e1ctica que son capaces de proveer soluciones jur\u00eddicas que se adapten a sus necesidades.<\/p>\n","protected":false},"author":14,"featured_media":0,"parent":0,"menu_order":0,"comment_status":"closed","ping_status":"closed","template":"","meta":{"_et_pb_use_builder":"on","_et_pb_old_content":"","_et_gb_content_width":"","footnotes":""},"class_list":["post-1727","page","type-page","status-publish","hentry"],"_links":{"self":[{"href":"https:\/\/www.kymabogados.com\/es\/wp-json\/wp\/v2\/pages\/1727","targetHints":{"allow":["GET"]}}],"collection":[{"href":"https:\/\/www.kymabogados.com\/es\/wp-json\/wp\/v2\/pages"}],"about":[{"href":"https:\/\/www.kymabogados.com\/es\/wp-json\/wp\/v2\/types\/page"}],"author":[{"embeddable":true,"href":"https:\/\/www.kymabogados.com\/es\/wp-json\/wp\/v2\/users\/14"}],"replies":[{"embeddable":true,"href":"https:\/\/www.kymabogados.com\/es\/wp-json\/wp\/v2\/comments?post=1727"}],"version-history":[{"count":9,"href":"https:\/\/www.kymabogados.com\/es\/wp-json\/wp\/v2\/pages\/1727\/revisions"}],"predecessor-version":[{"id":5080,"href":"https:\/\/www.kymabogados.com\/es\/wp-json\/wp\/v2\/pages\/1727\/revisions\/5080"}],"wp:attachment":[{"href":"https:\/\/www.kymabogados.com\/es\/wp-json\/wp\/v2\/media?parent=1727"}],"curies":[{"name":"wp","href":"https:\/\/api.w.org\/{rel}","templated":true}]}}